{"id":88777,"date":"2024-05-27T10:23:40","date_gmt":"2024-05-27T10:23:40","guid":{"rendered":"https:\/\/servicomgirona.com\/wordpress\/index.php\/compresores-de-aire\/compresores-de-piston\/"},"modified":"2025-08-25T15:26:19","modified_gmt":"2025-08-25T15:26:19","slug":"compresores-de-piston","status":"publish","type":"page","link":"https:\/\/servicomgirona.com\/es\/compresores-aire\/compresores-de-pisto\/","title":{"rendered":"Compresores de Pist\u00f3n"},"content":{"rendered":"\t\t<div data-elementor-type=\"wp-page\" data-elementor-id=\"88777\" class=\"elementor elementor-88777 elementor-87399\" data-elementor-post-type=\"page\">\n\t\t\t\t<div class=\"elementor-element elementor-element-4d2f47ec e-grid e-con-boxed e-con e-parent\" data-id=\"4d2f47ec\" data-element_type=\"container\" data-settings=\"{&quot;background_background&quot;:&quot;classic&quot;}\">\n\t\t\t\t\t<div class=\"e-con-inner\">\n\t\t<div class=\"elementor-element elementor-element-69ec6c55 e-con-full e-flex e-con e-child\" data-id=\"69ec6c55\" data-element_type=\"container\">\n\t\t\t\t<div class=\"elementor-element elementor-element-6c70a1dd split-breadcrumbs-y elementor-widget elementor-widget-the7-breadcrumb\" data-id=\"6c70a1dd\" data-element_type=\"widget\" data-widget_type=\"the7-breadcrumb.default\">\n\t\t\t\t<div class=\"elementor-widget-container\">\n\t\t\t\t\t<div class=\"assistive-text\">You are here:<\/div><ol class=\"breadcrumbs text-small rcrumbs\" itemscope itemtype=\"https:\/\/schema.org\/BreadcrumbList\"><li itemprop=\"itemListElement\" itemscope itemtype=\"https:\/\/schema.org\/ListItem\"><a itemprop=\"item\" href=\"https:\/\/servicomgirona.com\/es\/\" title=\"Home\"><span itemprop=\"name\">Home<\/span><\/a><meta itemprop=\"position\" content=\"1\" \/><\/li><li class=\"current\" itemprop=\"itemListElement\" itemscope itemtype=\"https:\/\/schema.org\/ListItem\"><span itemprop=\"name\">P\u00e1gina<\/span><meta itemprop=\"position\" content=\"2\" \/><\/li><\/ol>\t\t\t\t<\/div>\n\t\t\t\t<\/div>\n\t\t\t\t<div class=\"elementor-element elementor-element-2335af72 elementor-widget elementor-widget-heading\" data-id=\"2335af72\" data-element_type=\"widget\" data-widget_type=\"heading.default\">\n\t\t\t\t<div class=\"elementor-widget-container\">\n\t\t\t\t\t<h5 class=\"elementor-heading-title elementor-size-default\">Compresores de Pist\u00f3n<\/h5>\t\t\t\t<\/div>\n\t\t\t\t<\/div>\n\t\t\t\t<div class=\"elementor-element elementor-element-60751a9a elementor-widget elementor-widget-text-editor\" data-id=\"60751a9a\" data-element_type=\"widget\" data-widget_type=\"text-editor.default\">\n\t\t\t\t<div class=\"elementor-widget-container\">\n\t\t\t\t\t\t\t\t\t<p>Compresores econ\u00f3micos por caudales peque\u00f1os y consumos intermitentes<\/p>\t\t\t\t\t\t\t\t<\/div>\n\t\t\t\t<\/div>\n\t\t\t\t<\/div>\n\t\t\t\t\t<\/div>\n\t\t\t\t<\/div>\n\t\t<div class=\"elementor-element elementor-element-f630544 e-grid e-con-boxed e-con e-parent\" data-id=\"f630544\" data-element_type=\"container\" data-settings=\"{&quot;background_background&quot;:&quot;classic&quot;}\">\n\t\t\t\t\t<div class=\"e-con-inner\">\n\t\t<div class=\"elementor-element elementor-element-286256f9 e-con-full e-flex e-con e-child\" data-id=\"286256f9\" data-element_type=\"container\">\n\t\t\t\t<div class=\"elementor-element elementor-element-21bb8f8a elementor-widget elementor-widget-text-editor\" data-id=\"21bb8f8a\" data-element_type=\"widget\" data-widget_type=\"text-editor.default\">\n\t\t\t\t<div class=\"elementor-widget-container\">\n\t\t\t\t\t\t\t\t\t<p>Compresor de pist\u00f3n con transmisi\u00f3n fija<\/p>\t\t\t\t\t\t\t\t<\/div>\n\t\t\t\t<\/div>\n\t\t\t\t<div class=\"elementor-element elementor-element-741e28ae elementor-widget elementor-widget-image\" data-id=\"741e28ae\" data-element_type=\"widget\" data-widget_type=\"image.default\">\n\t\t\t\t<div class=\"elementor-widget-container\">\n\t\t\t\t\t\t\t\t\t\t\t\t\t\t\t<img fetchpriority=\"high\" decoding=\"async\" width=\"300\" height=\"300\" src=\"https:\/\/servicomgirona.com\/wp-content\/uploads\/2024\/05\/c0f6faa5b8a5c5779176b7dd26a158e9-2-300x300.png\" class=\"attachment-medium size-medium wp-image-87827\" alt=\"Compressors de Pist\u00f3\" srcset=\"https:\/\/servicomgirona.com\/wp-content\/uploads\/2024\/05\/c0f6faa5b8a5c5779176b7dd26a158e9-2-300x300.png 300w, https:\/\/servicomgirona.com\/wp-content\/uploads\/2024\/05\/c0f6faa5b8a5c5779176b7dd26a158e9-2-1024x1024.png 1024w, https:\/\/servicomgirona.com\/wp-content\/uploads\/2024\/05\/c0f6faa5b8a5c5779176b7dd26a158e9-2-150x150.png 150w, https:\/\/servicomgirona.com\/wp-content\/uploads\/2024\/05\/c0f6faa5b8a5c5779176b7dd26a158e9-2-768x768.png 768w, https:\/\/servicomgirona.com\/wp-content\/uploads\/2024\/05\/c0f6faa5b8a5c5779176b7dd26a158e9-2-1536x1536.png 1536w, https:\/\/servicomgirona.com\/wp-content\/uploads\/2024\/05\/c0f6faa5b8a5c5779176b7dd26a158e9-2.png 1600w\" sizes=\"(max-width: 300px) 100vw, 300px\" title=\"-\">\t\t\t\t\t\t\t\t\t\t\t\t\t\t\t<\/div>\n\t\t\t\t<\/div>\n\t\t\t\t<div class=\"elementor-element elementor-element-2d873020 elementor-widget elementor-widget-text-editor\" data-id=\"2d873020\" data-element_type=\"widget\" data-widget_type=\"text-editor.default\">\n\t\t\t\t<div class=\"elementor-widget-container\">\n\t\t\t\t\t\t\t\t\t<p>El compresor de pist\u00f3n con transmisi\u00f3n fija es conocido por su <strong>simplicidad y durabilidad.<\/strong> Este tipo de compresor utiliza un pist\u00f3n para comprimir el aire y una transmisi\u00f3n fija para transferir la potencia del motor al pist\u00f3n. Ver m\u00e1s.<\/p>\t\t\t\t\t\t\t\t<\/div>\n\t\t\t\t<\/div>\n\t\t\t\t<div class=\"elementor-element elementor-element-6fe88426 elementor-tablet-align-center elementor-widget elementor-widget-the7_button_widget\" data-id=\"6fe88426\" data-element_type=\"widget\" data-widget_type=\"the7_button_widget.default\">\n\t\t\t\t<div class=\"elementor-widget-container\">\n\t\t\t\t\t<div class=\"elementor-button-wrapper\"><a href=\"#elementor-action%3Aaction%3Dpopup%3Aopen%26settings%3DeyJpZCI6OTI4MTQsInRvZ2dsZSI6ZmFsc2V9\" class=\"box-button elementor-button elementor-size-sm\">SOLICITA UN PRESUPUESTO<\/a><\/div>\t\t\t\t<\/div>\n\t\t\t\t<\/div>\n\t\t\t\t<\/div>\n\t\t<div class=\"elementor-element elementor-element-76e79f12 e-con-full e-flex e-con e-child\" data-id=\"76e79f12\" data-element_type=\"container\">\n\t\t\t\t<div class=\"elementor-element elementor-element-7fdebe44 elementor-widget elementor-widget-text-editor\" data-id=\"7fdebe44\" data-element_type=\"widget\" data-widget_type=\"text-editor.default\">\n\t\t\t\t<div class=\"elementor-widget-container\">\n\t\t\t\t\t\t\t\t\t<p>Compresor de pist\u00f3n con transmisi\u00f3n fija<\/p>\t\t\t\t\t\t\t\t<\/div>\n\t\t\t\t<\/div>\n\t\t\t\t<div class=\"elementor-element elementor-element-1a0aa32e elementor-widget elementor-widget-image\" data-id=\"1a0aa32e\" data-element_type=\"widget\" data-widget_type=\"image.default\">\n\t\t\t\t<div class=\"elementor-widget-container\">\n\t\t\t\t\t\t\t\t\t\t\t\t\t\t\t<img decoding=\"async\" width=\"300\" height=\"300\" src=\"https:\/\/servicomgirona.com\/wp-content\/uploads\/2024\/05\/5d4a5220b03d60e8163081ba8bc244ce-300x300.png\" class=\"attachment-medium size-medium wp-image-87828\" alt=\"Compressors de Pist\u00f3\" srcset=\"https:\/\/servicomgirona.com\/wp-content\/uploads\/2024\/05\/5d4a5220b03d60e8163081ba8bc244ce-300x300.png 300w, https:\/\/servicomgirona.com\/wp-content\/uploads\/2024\/05\/5d4a5220b03d60e8163081ba8bc244ce-1024x1024.png 1024w, https:\/\/servicomgirona.com\/wp-content\/uploads\/2024\/05\/5d4a5220b03d60e8163081ba8bc244ce-150x150.png 150w, https:\/\/servicomgirona.com\/wp-content\/uploads\/2024\/05\/5d4a5220b03d60e8163081ba8bc244ce-768x768.png 768w, https:\/\/servicomgirona.com\/wp-content\/uploads\/2024\/05\/5d4a5220b03d60e8163081ba8bc244ce.png 1280w\" sizes=\"(max-width: 300px) 100vw, 300px\" title=\"-\">\t\t\t\t\t\t\t\t\t\t\t\t\t\t\t<\/div>\n\t\t\t\t<\/div>\n\t\t\t\t<div class=\"elementor-element elementor-element-6e9f2a5 elementor-widget elementor-widget-text-editor\" data-id=\"6e9f2a5\" data-element_type=\"widget\" data-widget_type=\"text-editor.default\">\n\t\t\t\t<div class=\"elementor-widget-container\">\n\t\t\t\t\t\t\t\t\t<p>El compresor de pist\u00f3n con transmisi\u00f3n por correas ofrece una <strong>flexibilidad adicional y una mayor capacidad de gesti\u00f3n de carga<\/strong> que su equivalente con transmisi\u00f3n fija. Este tipo de compresor utiliza correas para conectar el motor al pist\u00f3n, lo que permite ajustar la velocidad de funcionamiento del compresor seg\u00fan las necesidades de la aplicaci\u00f3n. Ver m\u00e1s.<\/p>\t\t\t\t\t\t\t\t<\/div>\n\t\t\t\t<\/div>\n\t\t\t\t<div class=\"elementor-element elementor-element-daaa9f2 elementor-tablet-align-center elementor-widget elementor-widget-the7_button_widget\" data-id=\"daaa9f2\" data-element_type=\"widget\" data-widget_type=\"the7_button_widget.default\">\n\t\t\t\t<div class=\"elementor-widget-container\">\n\t\t\t\t\t<div class=\"elementor-button-wrapper\"><a href=\"#elementor-action%3Aaction%3Dpopup%3Aopen%26settings%3DeyJpZCI6OTI4MTQsInRvZ2dsZSI6ZmFsc2V9\" class=\"box-button elementor-button elementor-size-sm\">SOLICITA UN PRESUPUESTO<\/a><\/div>\t\t\t\t<\/div>\n\t\t\t\t<\/div>\n\t\t\t\t<\/div>\n\t\t\t\t\t<\/div>\n\t\t\t\t<\/div>\n\t\t<div class=\"elementor-element elementor-element-2bd99bf3 e-grid e-con-boxed e-con e-parent\" data-id=\"2bd99bf3\" data-element_type=\"container\" data-settings=\"{&quot;background_background&quot;:&quot;classic&quot;}\">\n\t\t\t\t\t<div class=\"e-con-inner\">\n\t\t<div class=\"elementor-element elementor-element-1950a684 e-con-full e-flex e-con e-child\" data-id=\"1950a684\" data-element_type=\"container\">\n\t\t\t\t<div class=\"elementor-element elementor-element-7140f10a elementor-widget elementor-widget-heading\" data-id=\"7140f10a\" data-element_type=\"widget\" data-widget_type=\"heading.default\">\n\t\t\t\t<div class=\"elementor-widget-container\">\n\t\t\t\t\t<h5 class=\"elementor-heading-title elementor-size-default\">Servicio de confianza y proximidad, con m\u00e1s de 50 a\u00f1os de experiencia<\/h5>\t\t\t\t<\/div>\n\t\t\t\t<\/div>\n\t\t\t\t<div class=\"elementor-element elementor-element-139d604f elementor-widget elementor-widget-text-editor\" data-id=\"139d604f\" data-element_type=\"widget\" data-widget_type=\"text-editor.default\">\n\t\t\t\t<div class=\"elementor-widget-container\">\n\t\t\t\t\t\t\t\t\t<p>Realiza tu consulta sin compromiso.<\/p>\t\t\t\t\t\t\t\t<\/div>\n\t\t\t\t<\/div>\n\t\t\t\t<\/div>\n\t\t\t\t<div class=\"elementor-element elementor-element-a2ce888 elementor-button-align-start formNew elementor-widget elementor-widget-global elementor-global-92624 elementor-global-92607 elementor-widget-form\" data-id=\"a2ce888\" data-element_type=\"widget\" data-settings=\"{&quot;button_width&quot;:&quot;40&quot;,&quot;step_next_label&quot;:&quot;Next&quot;,&quot;step_previous_label&quot;:&quot;Previous&quot;,&quot;step_type&quot;:&quot;number_text&quot;,&quot;step_icon_shape&quot;:&quot;circle&quot;}\" data-widget_type=\"form.default\">\n\t\t\t\t<div class=\"elementor-widget-container\">\n\t\t\t\t\t\t\t<form class=\"elementor-form\" method=\"post\" name=\"Formulario contacto 2025\" aria-label=\"Formulario contacto 2025\" novalidate=\"\">\n\t\t\t<input type=\"hidden\" name=\"post_id\" value=\"88777\"\/>\n\t\t\t<input type=\"hidden\" name=\"form_id\" value=\"a2ce888\"\/>\n\t\t\t<input type=\"hidden\" name=\"referer_title\" value=\"\" \/>\n\n\t\t\t\n\t\t\t<div class=\"elementor-form-fields-wrapper elementor-labels-above\">\n\t\t\t\t\t\t\t\t<div class=\"elementor-field-type-text elementor-field-group elementor-column elementor-field-group-name elementor-col-100 elementor-field-required elementor-mark-required\">\n\t\t\t\t\t\t\t\t\t\t\t\t<label for=\"form-field-name\" class=\"elementor-field-label\">\n\t\t\t\t\t\t\t\tNombre y Apellido\t\t\t\t\t\t\t<\/label>\n\t\t\t\t\t\t\t\t\t\t\t\t\t\t<input size=\"1\" type=\"text\" name=\"form_fields[name]\" id=\"form-field-name\" class=\"elementor-field elementor-size-sm  elementor-field-textual\" required=\"required\">\n\t\t\t\t\t\t\t\t\t\t\t<\/div>\n\t\t\t\t\t\t\t\t<div class=\"elementor-field-type-email elementor-field-group elementor-column elementor-field-group-email elementor-col-100 elementor-field-required elementor-mark-required\">\n\t\t\t\t\t\t\t\t\t\t\t\t<label for=\"form-field-email\" class=\"elementor-field-label\">\n\t\t\t\t\t\t\t\tCorreo electr\u00f3nico\t\t\t\t\t\t\t<\/label>\n\t\t\t\t\t\t\t\t\t\t\t\t\t\t<input size=\"1\" type=\"email\" name=\"form_fields[email]\" id=\"form-field-email\" class=\"elementor-field elementor-size-sm  elementor-field-textual\" required=\"required\">\n\t\t\t\t\t\t\t\t\t\t\t<\/div>\n\t\t\t\t\t\t\t\t<div class=\"elementor-field-type-tel elementor-field-group elementor-column elementor-field-group-telefon elementor-col-100\">\n\t\t\t\t\t\t\t\t\t\t\t\t<label for=\"form-field-telefon\" class=\"elementor-field-label\">\n\t\t\t\t\t\t\t\tTel\u00e9fono\t\t\t\t\t\t\t<\/label>\n\t\t\t\t\t\t\t\t<input size=\"1\" type=\"tel\" name=\"form_fields[telefon]\" id=\"form-field-telefon\" class=\"elementor-field elementor-size-sm  elementor-field-textual\" pattern=\"[0-9()#&amp;+*-=.]+\" title=\"Solo se aceptan n\u00fameros y caracteres de tel\u00e9fono (#,-,*,etc).\">\n\n\t\t\t\t\t\t<\/div>\n\t\t\t\t\t\t\t\t<div class=\"elementor-field-type-text elementor-field-group elementor-column elementor-field-group-empresa elementor-col-100\">\n\t\t\t\t\t\t\t\t\t\t\t\t<label for=\"form-field-empresa\" class=\"elementor-field-label\">\n\t\t\t\t\t\t\t\tEmpresa\t\t\t\t\t\t\t<\/label>\n\t\t\t\t\t\t\t\t\t\t\t\t\t\t<input size=\"1\" type=\"text\" name=\"form_fields[empresa]\" id=\"form-field-empresa\" class=\"elementor-field elementor-size-sm  elementor-field-textual\">\n\t\t\t\t\t\t\t\t\t\t\t<\/div>\n\t\t\t\t\t\t\t\t<div class=\"elementor-field-type-textarea elementor-field-group elementor-column elementor-field-group-missatge elementor-col-100 elementor-field-required elementor-mark-required\">\n\t\t\t\t\t\t\t\t\t\t\t\t<label for=\"form-field-missatge\" class=\"elementor-field-label\">\n\t\t\t\t\t\t\t\tCu\u00e9ntanos lo que necesitas\t\t\t\t\t\t\t<\/label>\n\t\t\t\t\t\t<textarea class=\"elementor-field-textual elementor-field  elementor-size-sm\" name=\"form_fields[missatge]\" id=\"form-field-missatge\" rows=\"4\" required=\"required\"><\/textarea>\t\t\t\t<\/div>\n\t\t\t\t\t\t\t\t<div class=\"elementor-field-type-acceptance elementor-field-group elementor-column elementor-field-group-field_b80019e elementor-col-100 elementor-field-required elementor-mark-required\">\n\t\t\t\t\t\t\t<div class=\"elementor-field-subgroup\">\n\t\t\t<span class=\"elementor-field-option\">\n\t\t\t\t<input type=\"checkbox\" name=\"form_fields[field_b80019e]\" id=\"form-field-field_b80019e\" class=\"elementor-field elementor-size-sm  elementor-acceptance-field\" required=\"required\">\n\t\t\t\t<label for=\"form-field-field_b80019e\"><span style=\"font-family: \"Satoshi\", sans-serif;font-size: 10px;font-weight: 900;\">He le\u00eddo y acepto la <a href=\"https:\/\/servicomgirona.com\/es\/aviso-legal\/\" style=\"color:inherit;text-decoration:underline;\">pol\u00edtica de privacidad<\/a> .<\/span><\/label>\t\t\t<\/span>\n\t\t<\/div>\n\t\t\t\t\t\t<\/div>\n\t\t\t\t\t\t\t\t<div class=\"elementor-field-type-recaptcha_v3 elementor-field-group elementor-column elementor-field-group-field_071d259 elementor-col-100 recaptcha_v3-bottomright\">\n\t\t\t\t\t<div class=\"elementor-field\" id=\"form-field-field_071d259\"><div class=\"elementor-g-recaptcha\" data-sitekey=\"6LeTik0qAAAAABF65k2TUKNxX8sfDowxL5DPOUbl\" data-type=\"v3\" data-action=\"Form\" data-badge=\"bottomright\" data-size=\"invisible\"><\/div><\/div>\t\t\t\t<\/div>\n\t\t\t\t\t\t\t\t<div class=\"elementor-field-group elementor-column elementor-field-type-submit elementor-col-40 e-form__buttons\">\n\t\t\t\t\t<button class=\"elementor-button elementor-size-sm\" type=\"submit\">\n\t\t\t\t\t\t<span class=\"elementor-button-content-wrapper\">\n\t\t\t\t\t\t\t\t\t\t\t\t\t\t\t\t\t\t\t\t\t\t<span class=\"elementor-button-text\">Enviar<\/span>\n\t\t\t\t\t\t\t\t\t\t\t\t\t<\/span>\n\t\t\t\t\t<\/button>\n\t\t\t\t<\/div>\n\t\t\t<\/div>\n\t\t<\/form>\n\t\t\t\t\t\t<\/div>\n\t\t\t\t<\/div>\n\t\t<div class=\"elementor-element elementor-element-24a3d18c e-con-full e-flex e-con e-child\" data-id=\"24a3d18c\" data-element_type=\"container\" data-settings=\"{&quot;background_background&quot;:&quot;classic&quot;}\">\n\t\t\t\t<div class=\"elementor-element elementor-element-728b323e elementor-widget elementor-widget-text-editor\" data-id=\"728b323e\" data-element_type=\"widget\" data-widget_type=\"text-editor.default\">\n\t\t\t\t<div class=\"elementor-widget-container\">\n\t\t\t\t\t\t\t\t\tServicio<br> <strong style=\"font-size:40px;font-weight:900;line-height:1\">24\/7<\/strong><br> de t\u00e9cnicos<br> compresoristas\t\t\t\t\t\t\t\t<\/div>\n\t\t\t\t<\/div>\n\t\t\t\t<\/div>\n\t\t\t\t\t<\/div>\n\t\t\t\t<\/div>\n\t\t\t\t<\/div>\n\t\t","protected":false},"excerpt":{"rendered":"<p>You are here: Home Compresores de Pist\u00f3n Compresores econ\u00f3micos por caudales peque\u00f1os y consumos intermitentes Compresor de pist\u00f3n con transmisi\u00f3n fija El compresor de pist\u00f3n con transmisi\u00f3n fija es conocido por su simplicidad y durabilidad. Este tipo de compresor utiliza un pist\u00f3n para comprimir el aire y una transmisi\u00f3n fija para transferir la potencia del&hellip;<\/p>\n","protected":false},"author":3,"featured_media":0,"parent":88766,"menu_order":20,"comment_status":"closed","ping_status":"closed","template":"","meta":{"footnotes":""},"class_list":["post-88777","page","type-page","status-publish","hentry"],"_links":{"self":[{"href":"https:\/\/servicomgirona.com\/es\/wp-json\/wp\/v2\/pages\/88777","targetHints":{"allow":["GET"]}}],"collection":[{"href":"https:\/\/servicomgirona.com\/es\/wp-json\/wp\/v2\/pages"}],"about":[{"href":"https:\/\/servicomgirona.com\/es\/wp-json\/wp\/v2\/types\/page"}],"author":[{"embeddable":true,"href":"https:\/\/servicomgirona.com\/es\/wp-json\/wp\/v2\/users\/3"}],"replies":[{"embeddable":true,"href":"https:\/\/servicomgirona.com\/es\/wp-json\/wp\/v2\/comments?post=88777"}],"version-history":[{"count":0,"href":"https:\/\/servicomgirona.com\/es\/wp-json\/wp\/v2\/pages\/88777\/revisions"}],"up":[{"embeddable":true,"href":"https:\/\/servicomgirona.com\/es\/wp-json\/wp\/v2\/pages\/88766"}],"wp:attachment":[{"href":"https:\/\/servicomgirona.com\/es\/wp-json\/wp\/v2\/media?parent=88777"}],"curies":[{"name":"wp","href":"https:\/\/api.w.org\/{rel}","templated":true}]}}