{"id":88770,"date":"2024-05-27T09:07:10","date_gmt":"2024-05-27T09:07:10","guid":{"rendered":"https:\/\/servicomgirona.com\/wordpress\/index.php\/compresores-de-aire\/compresores-de-husillo-de-velocidad-variable\/"},"modified":"2025-09-12T16:19:47","modified_gmt":"2025-09-12T16:19:47","slug":"compresores-de-husillo-de-velocidad-variable","status":"publish","type":"page","link":"https:\/\/servicomgirona.com\/es\/compresores-aire\/compresores-de-tornillo-de-velocidad-variable\/","title":{"rendered":"Compresores de tornillo de velocidad variable"},"content":{"rendered":"\t\t<div data-elementor-type=\"wp-page\" data-elementor-id=\"88770\" class=\"elementor elementor-88770 elementor-87317\" data-elementor-post-type=\"page\">\n\t\t\t\t<div class=\"elementor-element elementor-element-30cb4217 e-grid e-con-boxed e-con e-parent\" data-id=\"30cb4217\" data-element_type=\"container\" data-settings=\"{&quot;background_background&quot;:&quot;classic&quot;}\">\n\t\t\t\t\t<div class=\"e-con-inner\">\n\t\t<div class=\"elementor-element elementor-element-37a95276 e-con-full e-flex e-con e-child\" data-id=\"37a95276\" data-element_type=\"container\">\n\t\t\t\t<div class=\"elementor-element elementor-element-3f96a688 split-breadcrumbs-y elementor-widget elementor-widget-the7-breadcrumb\" data-id=\"3f96a688\" data-element_type=\"widget\" data-widget_type=\"the7-breadcrumb.default\">\n\t\t\t\t<div class=\"elementor-widget-container\">\n\t\t\t\t\t<div class=\"assistive-text\">You are here:<\/div><ol class=\"breadcrumbs text-small rcrumbs\" itemscope itemtype=\"https:\/\/schema.org\/BreadcrumbList\"><li itemprop=\"itemListElement\" itemscope itemtype=\"https:\/\/schema.org\/ListItem\"><a itemprop=\"item\" href=\"https:\/\/servicomgirona.com\/es\/\" title=\"Home\"><span itemprop=\"name\">Home<\/span><\/a><meta itemprop=\"position\" content=\"1\" \/><\/li><li class=\"current\" itemprop=\"itemListElement\" itemscope itemtype=\"https:\/\/schema.org\/ListItem\"><span itemprop=\"name\">P\u00e1gina<\/span><meta itemprop=\"position\" content=\"2\" \/><\/li><\/ol>\t\t\t\t<\/div>\n\t\t\t\t<\/div>\n\t\t\t\t<div class=\"elementor-element elementor-element-30a7b23e elementor-widget elementor-widget-heading\" data-id=\"30a7b23e\" data-element_type=\"widget\" data-widget_type=\"heading.default\">\n\t\t\t\t<div class=\"elementor-widget-container\">\n\t\t\t\t\t<h5 class=\"elementor-heading-title elementor-size-default\">Compresores de Tornillo de Velocidad Variable<\/h5>\t\t\t\t<\/div>\n\t\t\t\t<\/div>\n\t\t\t\t<div class=\"elementor-element elementor-element-7c936042 elementor-widget elementor-widget-text-editor\" data-id=\"7c936042\" data-element_type=\"widget\" data-widget_type=\"text-editor.default\">\n\t\t\t\t<div class=\"elementor-widget-container\">\n\t\t\t\t\t\t\t\t\t<p>El compresor de velocidad variable (VSD) es la opci\u00f3n m\u00e1s popular actualmente por ser la m\u00e1s eficiente y vers\u00e1til.<\/p>\t\t\t\t\t\t\t\t<\/div>\n\t\t\t\t<\/div>\n\t\t\t\t<div class=\"elementor-element elementor-element-23bb354d elementor-widget elementor-widget-text-editor\" data-id=\"23bb354d\" data-element_type=\"widget\" data-widget_type=\"text-editor.default\">\n\t\t\t\t<div class=\"elementor-widget-container\">\n\t\t\t\t\t\t\t\t\t<p>A diferencia de los compresores de velocidad fijo (FS), que se limitan a dos estados (en vac\u00edo o velocidad m\u00e1xima), los compresores de velocidad variable <strong>utilizan un variador de frecuencia para controlar la velocidad rotacional del motor<\/strong> seg\u00fan las fluctuaciones de la demanda de aire.<\/p><p>Esto permite al compresor <strong>funcionar a una velocidad \u00f3ptima en todo momento, reduciendo el consumo energ\u00e9tico y los costes operativos.<\/strong> Las principales ventajas de un compresor de tornillo variable incluyen un menor impacto ambiental y unos ahorros significativos en los costes de energ\u00eda.<\/p>\t\t\t\t\t\t\t\t<\/div>\n\t\t\t\t<\/div>\n\t\t\t\t<div class=\"elementor-element elementor-element-4ba8b08f elementor-widget elementor-widget-text-editor\" data-id=\"4ba8b08f\" data-element_type=\"widget\" data-widget_type=\"text-editor.default\">\n\t\t\t\t<div class=\"elementor-widget-container\">\n\t\t\t\t\t\t\t\t\t<p>\u00a1Ahorra hasta un 60% en costes energ\u00e9ticos con nuestros compresores variables!<\/p>\t\t\t\t\t\t\t\t<\/div>\n\t\t\t\t<\/div>\n\t\t\t\t<div class=\"elementor-element elementor-element-e458f17 elementor-tablet-align-center elementor-widget elementor-widget-the7_button_widget\" data-id=\"e458f17\" data-element_type=\"widget\" data-widget_type=\"the7_button_widget.default\">\n\t\t\t\t<div class=\"elementor-widget-container\">\n\t\t\t\t\t<div class=\"elementor-button-wrapper\"><a href=\"#elementor-action%3Aaction%3Dpopup%3Aopen%26settings%3DeyJpZCI6OTI4MTQsInRvZ2dsZSI6ZmFsc2V9\" class=\"box-button elementor-button elementor-size-sm\">SOLICITA UN PRESUPUESTO<\/a><\/div>\t\t\t\t<\/div>\n\t\t\t\t<\/div>\n\t\t\t\t<\/div>\n\t\t<div class=\"elementor-element elementor-element-7748be5b e-con-full e-flex e-con e-child\" data-id=\"7748be5b\" data-element_type=\"container\">\n\t\t\t\t<div class=\"elementor-element elementor-element-d0811ef elementor-widget elementor-widget-image\" data-id=\"d0811ef\" data-element_type=\"widget\" data-widget_type=\"image.default\">\n\t\t\t\t<div class=\"elementor-widget-container\">\n\t\t\t\t\t\t\t\t\t\t\t\t\t\t\t<img fetchpriority=\"high\" decoding=\"async\" width=\"600\" height=\"600\" src=\"https:\/\/servicomgirona.com\/wp-content\/uploads\/2024\/05\/41eda10dcdf39c3b908c7923ccc987c6.png\" class=\"attachment-large size-large wp-image-87806\" alt=\"Compressors d&#039;aire\" srcset=\"https:\/\/servicomgirona.com\/wp-content\/uploads\/2024\/05\/41eda10dcdf39c3b908c7923ccc987c6.png 600w, https:\/\/servicomgirona.com\/wp-content\/uploads\/2024\/05\/41eda10dcdf39c3b908c7923ccc987c6-300x300.png 300w, https:\/\/servicomgirona.com\/wp-content\/uploads\/2024\/05\/41eda10dcdf39c3b908c7923ccc987c6-150x150.png 150w\" sizes=\"(max-width: 600px) 100vw, 600px\" title=\"-\">\t\t\t\t\t\t\t\t\t\t\t\t\t\t\t<\/div>\n\t\t\t\t<\/div>\n\t\t\t\t<\/div>\n\t\t\t\t\t<\/div>\n\t\t\t\t<\/div>\n\t\t<div class=\"elementor-element elementor-element-4fccf02 e-grid e-con-boxed e-con e-parent\" data-id=\"4fccf02\" data-element_type=\"container\" data-settings=\"{&quot;background_background&quot;:&quot;classic&quot;}\">\n\t\t\t\t\t<div class=\"e-con-inner\">\n\t\t<div class=\"elementor-element elementor-element-4060fb4 e-con-full e-flex e-con e-child\" data-id=\"4060fb4\" data-element_type=\"container\">\n\t\t\t\t<div class=\"elementor-element elementor-element-d799e1e elementor-widget elementor-widget-text-editor\" data-id=\"d799e1e\" data-element_type=\"widget\" data-widget_type=\"text-editor.default\">\n\t\t\t\t<div class=\"elementor-widget-container\">\n\t\t\t\t\t\t\t\t\t<p>Compresor de velocidad fija<\/p>\t\t\t\t\t\t\t\t<\/div>\n\t\t\t\t<\/div>\n\t\t\t\t<div class=\"elementor-element elementor-element-63efdcd elementor-widget elementor-widget-image\" data-id=\"63efdcd\" data-element_type=\"widget\" data-widget_type=\"image.default\">\n\t\t\t\t<div class=\"elementor-widget-container\">\n\t\t\t\t\t\t\t\t\t\t\t\t\t\t\t<img decoding=\"async\" width=\"1024\" height=\"659\" src=\"https:\/\/servicomgirona.com\/wp-content\/uploads\/2024\/09\/Infografia-Servicom-01-1024x659.png\" class=\"attachment-large size-large wp-image-91629\" alt=\"-\" srcset=\"https:\/\/servicomgirona.com\/wp-content\/uploads\/2024\/09\/Infografia-Servicom-01-1024x659.png 1024w, https:\/\/servicomgirona.com\/wp-content\/uploads\/2024\/09\/Infografia-Servicom-01-300x193.png 300w, https:\/\/servicomgirona.com\/wp-content\/uploads\/2024\/09\/Infografia-Servicom-01-768x494.png 768w, https:\/\/servicomgirona.com\/wp-content\/uploads\/2024\/09\/Infografia-Servicom-01-1536x988.png 1536w, https:\/\/servicomgirona.com\/wp-content\/uploads\/2024\/09\/Infografia-Servicom-01-2048x1317.png 2048w\" sizes=\"(max-width: 1024px) 100vw, 1024px\" title=\"-\">\t\t\t\t\t\t\t\t\t\t\t\t\t\t\t<\/div>\n\t\t\t\t<\/div>\n\t\t\t\t<\/div>\n\t\t<div class=\"elementor-element elementor-element-e7ce800 e-con-full e-flex e-con e-child\" data-id=\"e7ce800\" data-element_type=\"container\">\n\t\t\t\t<div class=\"elementor-element elementor-element-1fc1ed0 elementor-widget elementor-widget-text-editor\" data-id=\"1fc1ed0\" data-element_type=\"widget\" data-widget_type=\"text-editor.default\">\n\t\t\t\t<div class=\"elementor-widget-container\">\n\t\t\t\t\t\t\t\t\t<p>Compresor de velocidad variable<\/p>\t\t\t\t\t\t\t\t<\/div>\n\t\t\t\t<\/div>\n\t\t\t\t<div class=\"elementor-element elementor-element-aa550a3 elementor-widget elementor-widget-image\" data-id=\"aa550a3\" data-element_type=\"widget\" data-widget_type=\"image.default\">\n\t\t\t\t<div class=\"elementor-widget-container\">\n\t\t\t\t\t\t\t\t\t\t\t\t\t\t\t<img decoding=\"async\" width=\"1024\" height=\"659\" src=\"https:\/\/servicomgirona.com\/wp-content\/uploads\/2024\/09\/Infografia-Servicom-02-1024x659.png\" class=\"attachment-large size-large wp-image-91631\" alt=\"-\" srcset=\"https:\/\/servicomgirona.com\/wp-content\/uploads\/2024\/09\/Infografia-Servicom-02-1024x659.png 1024w, https:\/\/servicomgirona.com\/wp-content\/uploads\/2024\/09\/Infografia-Servicom-02-300x193.png 300w, https:\/\/servicomgirona.com\/wp-content\/uploads\/2024\/09\/Infografia-Servicom-02-768x494.png 768w, https:\/\/servicomgirona.com\/wp-content\/uploads\/2024\/09\/Infografia-Servicom-02-1536x988.png 1536w, https:\/\/servicomgirona.com\/wp-content\/uploads\/2024\/09\/Infografia-Servicom-02-2048x1317.png 2048w\" sizes=\"(max-width: 1024px) 100vw, 1024px\" title=\"-\">\t\t\t\t\t\t\t\t\t\t\t\t\t\t\t<\/div>\n\t\t\t\t<\/div>\n\t\t\t\t<\/div>\n\t\t\t\t\t<\/div>\n\t\t\t\t<\/div>\n\t\t<div class=\"elementor-element elementor-element-4eb80c4 e-grid e-con-boxed e-con e-parent\" data-id=\"4eb80c4\" data-element_type=\"container\" data-settings=\"{&quot;background_background&quot;:&quot;classic&quot;}\">\n\t\t\t\t\t<div class=\"e-con-inner\">\n\t\t<div class=\"elementor-element elementor-element-3c21890 e-con-full e-flex e-con e-child\" data-id=\"3c21890\" data-element_type=\"container\">\n\t\t\t\t<div class=\"elementor-element elementor-element-eb5f97c elementor-widget elementor-widget-text-editor\" data-id=\"eb5f97c\" data-element_type=\"widget\" data-widget_type=\"text-editor.default\">\n\t\t\t\t<div class=\"elementor-widget-container\">\n\t\t\t\t\t\t\t\t\t<p>La durabilidad y fiabilidad de nuestros compresores se logra con bajas RPM, robustez y controles de calidad exhaustivos.<\/p><ul><li><strong>Bajas PRM:<\/strong> Gracias a un sobredimensionamiento del airendo (el bloque compresor), revolucionario en el mundo del aire comprimido, nuestras m\u00e1quinas giran a menos vueltas logrando suministrar el mismo aire que un compresor convencional o m\u00e1s. Debido a esto, las partes m\u00f3viles se mueven menos y, por tanto, sufren menos desgaste, resultando en un aumento considerable de la vida \u00fatil de la m\u00e1quina.<\/li><li><strong>Robustez<\/strong> : El sobredimensionamiento del airendo y otros componentes crean una m\u00e1quina resistente y fiable. Adem\u00e1s, la fundici\u00f3n propia de nuestros fabricantes garantiza una buena sincronizaci\u00f3n entre el motor y el blog compresor.<\/li><li><strong>Controles de calidad exhaustivos:<\/strong> Durante y despu\u00e9s del proceso de fabricaci\u00f3n se realiza un meticuloso control y seguimiento cualitativo de las m\u00e1quinas. Todos los compresores son probados y examinados con carga durante 1 hora en f\u00e1brica antes de ser expedidos, y en nuestras instalaciones de Servicom los volvemos a probar y revisar.<\/li><\/ul>\t\t\t\t\t\t\t\t<\/div>\n\t\t\t\t<\/div>\n\t\t\t\t<\/div>\n\t\t<div class=\"elementor-element elementor-element-3ebd4f5 e-con-full e-flex e-con e-child\" data-id=\"3ebd4f5\" data-element_type=\"container\">\n\t\t\t\t<div class=\"elementor-element elementor-element-cf46813 elementor-widget elementor-widget-heading\" data-id=\"cf46813\" data-element_type=\"widget\" data-widget_type=\"heading.default\">\n\t\t\t\t<div class=\"elementor-widget-container\">\n\t\t\t\t\t<h4 class=\"elementor-heading-title elementor-size-default\">11-75 kW<\/h4>\t\t\t\t<\/div>\n\t\t\t\t<\/div>\n\t\t\t\t<div class=\"elementor-element elementor-element-69633ff elementor-widget elementor-widget-image\" data-id=\"69633ff\" data-element_type=\"widget\" data-widget_type=\"image.default\">\n\t\t\t\t<div class=\"elementor-widget-container\">\n\t\t\t\t\t\t\t\t\t\t\t\t\t\t\t<img loading=\"lazy\" decoding=\"async\" width=\"300\" height=\"300\" src=\"https:\/\/servicomgirona.com\/wp-content\/uploads\/2024\/06\/compressors-v1.png\" class=\"attachment-large size-large wp-image-88890\" alt=\"Compressors de Cargol de Velocitat Variable\" srcset=\"https:\/\/servicomgirona.com\/wp-content\/uploads\/2024\/06\/compressors-v1.png 300w, https:\/\/servicomgirona.com\/wp-content\/uploads\/2024\/06\/compressors-v1-150x150.png 150w\" sizes=\"(max-width: 300px) 100vw, 300px\" title=\"-\">\t\t\t\t\t\t\t\t\t\t\t\t\t\t\t<\/div>\n\t\t\t\t<\/div>\n\t\t<div class=\"elementor-element elementor-element-c8ac724 e-con-full e-flex e-con e-child\" data-id=\"c8ac724\" data-element_type=\"container\" data-settings=\"{&quot;background_background&quot;:&quot;classic&quot;}\">\n\t\t\t\t<div class=\"elementor-element elementor-element-413047c elementor-widget elementor-widget-text-editor\" data-id=\"413047c\" data-element_type=\"widget\" data-widget_type=\"text-editor.default\">\n\t\t\t\t<div class=\"elementor-widget-container\">\n\t\t\t\t\t\t\t\t\t<p><strong style=\"font-size: 40px; font-weight: 900; line-height: 1;\">10 A\u00d1OS<\/strong><br> DE GARANT\u00cdA SIN<br> L\u00cdMITE DE HORAS NI CAMBIOS<br> DE RODAMIENTOS<\/p>\t\t\t\t\t\t\t\t<\/div>\n\t\t\t\t<\/div>\n\t\t\t\t<\/div>\n\t\t\t\t<\/div>\n\t\t<div class=\"elementor-element elementor-element-771f61d e-con-full e-flex e-con e-child\" data-id=\"771f61d\" data-element_type=\"container\">\n\t\t\t\t<div class=\"elementor-element elementor-element-55b1ecaf elementor-icon-list--layout-inline elementor-align-left llistaNumerada elementor-list-item-link-full_width elementor-widget elementor-widget-icon-list\" data-id=\"55b1ecaf\" data-element_type=\"widget\" data-widget_type=\"icon-list.default\">\n\t\t\t\t<div class=\"elementor-widget-container\">\n\t\t\t\t\t\t\t<ul class=\"elementor-icon-list-items elementor-inline-items\">\n\t\t\t\t\t\t\t<li class=\"elementor-icon-list-item elementor-inline-item\">\n\t\t\t\t\t\t\t\t\t\t<span class=\"elementor-icon-list-text\"><span>01<\/span> Intervalos de mantenimiento m\u00e1s largos<\/span>\n\t\t\t\t\t\t\t\t\t<\/li>\n\t\t\t\t\t\t\t\t<li class=\"elementor-icon-list-item elementor-inline-item\">\n\t\t\t\t\t\t\t\t\t\t<span class=\"elementor-icon-list-text\"><span>02<\/span> El arrastre de aceite m\u00e1s bajo del sector<\/span>\n\t\t\t\t\t\t\t\t\t<\/li>\n\t\t\t\t\t\t\t\t<li class=\"elementor-icon-list-item elementor-inline-item\">\n\t\t\t\t\t\t\t\t\t\t<span class=\"elementor-icon-list-text\"><span>03<\/span> Coste del ciclo de vida un 15% inferior respecto a la competencia<\/span>\n\t\t\t\t\t\t\t\t\t<\/li>\n\t\t\t\t\t\t\t\t<li class=\"elementor-icon-list-item elementor-inline-item\">\n\t\t\t\t\t\t\t\t\t\t<span class=\"elementor-icon-list-text\"><span>04<\/span> Sistemas de refrigeraci\u00f3n sobredimensionados<\/span>\n\t\t\t\t\t\t\t\t\t<\/li>\n\t\t\t\t\t\t\t\t<li class=\"elementor-icon-list-item elementor-inline-item\">\n\t\t\t\t\t\t\t\t\t\t<span class=\"elementor-icon-list-text\"><span>05<\/span> Una garant\u00eda l\u00edder del sector<\/span>\n\t\t\t\t\t\t\t\t\t<\/li>\n\t\t\t\t\t\t\t\t<li class=\"elementor-icon-list-item elementor-inline-item\">\n\t\t\t\t\t\t\t\t\t\t<span class=\"elementor-icon-list-text\"><span>06<\/span> Dise\u00f1ados para garantizar un bajo tiempo de mantenimiento<\/span>\n\t\t\t\t\t\t\t\t\t<\/li>\n\t\t\t\t\t\t<\/ul>\n\t\t\t\t\t\t<\/div>\n\t\t\t\t<\/div>\n\t\t\t\t<\/div>\n\t\t\t\t\t<\/div>\n\t\t\t\t<\/div>\n\t\t<div class=\"elementor-element elementor-element-b853c1e e-grid e-con-boxed e-con e-parent\" data-id=\"b853c1e\" data-element_type=\"container\" data-settings=\"{&quot;background_background&quot;:&quot;classic&quot;}\">\n\t\t\t\t\t<div class=\"e-con-inner\">\n\t\t<div class=\"elementor-element elementor-element-0598796 e-con-full e-flex e-con e-child\" data-id=\"0598796\" data-element_type=\"container\">\n\t\t\t\t<div class=\"elementor-element elementor-element-38b06a6 elementor-widget elementor-widget-beaf-slider\" data-id=\"38b06a6\" data-element_type=\"widget\" data-widget_type=\"beaf-slider.default\">\n\t\t\t\t<div class=\"elementor-widget-container\">\n\t\t\t\t\t\n\t\t\t\n\t<style type=\"text\/css\">\n\t\t.slider-info-89102.bafg-slider-info .bafg-slider-title {\n\t\t\t\t\t\t\tfont-size:\n\t\t\t\t\t22px\t\t\t\t;\n\t\t\t\n\t\t\t\n\t\t\t\t\t}\n\n\t\t.slider-info-89102.bafg-slider-info .bafg-slider-description {\n\t\t\t\n\t\t\t\n\t\t\t\t\t}\n\t\t\n\t\t\n\t\t.slider-info-89102.bafg-slider-info .bafg_slider_readmore_button {\n\t\t\t\n\t\t\t\n\t\t\t\n\t\t\t\n\t\t\t\n\t\t\ttext-align: center;\n\n\t\t\t\n\t\t\t\n\t\t\t\n\t\t\t\n\t\t\t\t\t}\n\n\t\t.slider-info-89102.bafg-slider-info .bafg_slider_readmore_button:hover {\n\n\t\t\t\n\t\t\t\n\t\t\t\t\t}\n\t<\/style>\n\t\n\t\t\t<div class=\"bafg-twentytwenty-container slider-89102  \"\n\t\t\t\tbafg-orientation=\"horizontal\" bafg-default-offset=\"0.5\"\n\t\t\t\tbafg-before-label=\"Before\"\n\t\t\t\tbafg-after-label=\"After\" bafg-overlay=\"\"\n\t\t\t\tbafg-move-slider-on-hover=\"\"\n\t\t\t\tbafg-click-to-move=\"\">\n\n\t\t\t\t\t\t\t\t<img decoding=\"async\" class=\"skip-lazy\" src=\"https:\/\/servicomgirona.com\/wp-content\/uploads\/2024\/06\/slider-v1.png\" alt=\"-\" data-skip-lazy title=\"-\">\n\t\t\t\t<img decoding=\"async\" class=\"skip-lazy\" src=\"https:\/\/servicomgirona.com\/wp-content\/uploads\/2024\/06\/slider-v2.png\" alt=\"-\" data-skip-lazy title=\"-\">\n\n\t\t\t<\/div>\n\n\t\t\t\t<div class=\"bafg-slider-info-wraper\">\n\t\t<div style=\"\" class=\"slider-info-89102 bafg-slider-info\">\n\t\t\t\t\t<\/div>\n\t<\/div>\n\t\n\t\t\t<style type=\"text\/css\">\n\t\t\t\t\t\t\t\t\t\t\t<\/style>\n\t\t\t\t\t\t\t<\/div>\n\t\t\t\t<\/div>\n\t\t\t\t<div class=\"elementor-element elementor-element-45a035a elementor-widget elementor-widget-text-editor\" data-id=\"45a035a\" data-element_type=\"widget\" data-widget_type=\"text-editor.default\">\n\t\t\t\t<div class=\"elementor-widget-container\">\n\t\t\t\t\t\t\t\t\t<p>Acabados de precisi\u00f3n tanto dentro como fuera<\/p>\t\t\t\t\t\t\t\t<\/div>\n\t\t\t\t<\/div>\n\t\t\t\t<\/div>\n\t\t\t\t\t<\/div>\n\t\t\t\t<\/div>\n\t\t<div class=\"elementor-element elementor-element-48cd0652 e-grid e-con-boxed e-con e-parent\" data-id=\"48cd0652\" data-element_type=\"container\" data-settings=\"{&quot;background_background&quot;:&quot;classic&quot;}\">\n\t\t\t\t\t<div class=\"e-con-inner\">\n\t\t<div class=\"elementor-element elementor-element-15efae0 e-con-full e-flex e-con e-child\" data-id=\"15efae0\" data-element_type=\"container\">\n\t\t\t\t<div class=\"elementor-element elementor-element-548f90aa elementor-widget elementor-widget-heading\" data-id=\"548f90aa\" data-element_type=\"widget\" data-widget_type=\"heading.default\">\n\t\t\t\t<div class=\"elementor-widget-container\">\n\t\t\t\t\t<h5 class=\"elementor-heading-title elementor-size-default\">Servicio de confianza y proximidad, con m\u00e1s de 50 a\u00f1os de experiencia<\/h5>\t\t\t\t<\/div>\n\t\t\t\t<\/div>\n\t\t\t\t<div class=\"elementor-element elementor-element-393a6aff elementor-widget elementor-widget-text-editor\" data-id=\"393a6aff\" data-element_type=\"widget\" data-widget_type=\"text-editor.default\">\n\t\t\t\t<div class=\"elementor-widget-container\">\n\t\t\t\t\t\t\t\t\t<p>Realiza tu consulta sin compromiso.<\/p>\t\t\t\t\t\t\t\t<\/div>\n\t\t\t\t<\/div>\n\t\t\t\t<\/div>\n\t\t\t\t<div class=\"elementor-element elementor-element-be43a77 elementor-button-align-start formNew elementor-widget elementor-widget-global elementor-global-92624 elementor-global-92607 elementor-widget-form\" data-id=\"be43a77\" data-element_type=\"widget\" data-settings=\"{&quot;button_width&quot;:&quot;40&quot;,&quot;step_next_label&quot;:&quot;Next&quot;,&quot;step_previous_label&quot;:&quot;Previous&quot;,&quot;step_type&quot;:&quot;number_text&quot;,&quot;step_icon_shape&quot;:&quot;circle&quot;}\" data-widget_type=\"form.default\">\n\t\t\t\t<div class=\"elementor-widget-container\">\n\t\t\t\t\t\t\t<form class=\"elementor-form\" method=\"post\" name=\"Formulario contacto 2025\" aria-label=\"Formulario contacto 2025\" novalidate=\"\">\n\t\t\t<input type=\"hidden\" name=\"post_id\" value=\"88770\"\/>\n\t\t\t<input type=\"hidden\" name=\"form_id\" value=\"be43a77\"\/>\n\t\t\t<input type=\"hidden\" name=\"referer_title\" value=\"\" \/>\n\n\t\t\t\n\t\t\t<div class=\"elementor-form-fields-wrapper elementor-labels-above\">\n\t\t\t\t\t\t\t\t<div class=\"elementor-field-type-text elementor-field-group elementor-column elementor-field-group-name elementor-col-100 elementor-field-required elementor-mark-required\">\n\t\t\t\t\t\t\t\t\t\t\t\t<label for=\"form-field-name\" class=\"elementor-field-label\">\n\t\t\t\t\t\t\t\tNombre y Apellido\t\t\t\t\t\t\t<\/label>\n\t\t\t\t\t\t\t\t\t\t\t\t\t\t<input size=\"1\" type=\"text\" name=\"form_fields[name]\" id=\"form-field-name\" class=\"elementor-field elementor-size-sm  elementor-field-textual\" required=\"required\">\n\t\t\t\t\t\t\t\t\t\t\t<\/div>\n\t\t\t\t\t\t\t\t<div class=\"elementor-field-type-email elementor-field-group elementor-column elementor-field-group-email elementor-col-100 elementor-field-required elementor-mark-required\">\n\t\t\t\t\t\t\t\t\t\t\t\t<label for=\"form-field-email\" class=\"elementor-field-label\">\n\t\t\t\t\t\t\t\tCorreo electr\u00f3nico\t\t\t\t\t\t\t<\/label>\n\t\t\t\t\t\t\t\t\t\t\t\t\t\t<input size=\"1\" type=\"email\" name=\"form_fields[email]\" id=\"form-field-email\" class=\"elementor-field elementor-size-sm  elementor-field-textual\" required=\"required\">\n\t\t\t\t\t\t\t\t\t\t\t<\/div>\n\t\t\t\t\t\t\t\t<div class=\"elementor-field-type-tel elementor-field-group elementor-column elementor-field-group-telefon elementor-col-100\">\n\t\t\t\t\t\t\t\t\t\t\t\t<label for=\"form-field-telefon\" class=\"elementor-field-label\">\n\t\t\t\t\t\t\t\tTel\u00e9fono\t\t\t\t\t\t\t<\/label>\n\t\t\t\t\t\t\t\t<input size=\"1\" type=\"tel\" name=\"form_fields[telefon]\" id=\"form-field-telefon\" class=\"elementor-field elementor-size-sm  elementor-field-textual\" pattern=\"[0-9()#&amp;+*-=.]+\" title=\"Solo se aceptan n\u00fameros y caracteres de tel\u00e9fono (#,-,*,etc).\">\n\n\t\t\t\t\t\t<\/div>\n\t\t\t\t\t\t\t\t<div class=\"elementor-field-type-text elementor-field-group elementor-column elementor-field-group-empresa elementor-col-100\">\n\t\t\t\t\t\t\t\t\t\t\t\t<label for=\"form-field-empresa\" class=\"elementor-field-label\">\n\t\t\t\t\t\t\t\tEmpresa\t\t\t\t\t\t\t<\/label>\n\t\t\t\t\t\t\t\t\t\t\t\t\t\t<input size=\"1\" type=\"text\" name=\"form_fields[empresa]\" id=\"form-field-empresa\" class=\"elementor-field elementor-size-sm  elementor-field-textual\">\n\t\t\t\t\t\t\t\t\t\t\t<\/div>\n\t\t\t\t\t\t\t\t<div class=\"elementor-field-type-textarea elementor-field-group elementor-column elementor-field-group-missatge elementor-col-100 elementor-field-required elementor-mark-required\">\n\t\t\t\t\t\t\t\t\t\t\t\t<label for=\"form-field-missatge\" class=\"elementor-field-label\">\n\t\t\t\t\t\t\t\tCu\u00e9ntanos lo que necesitas\t\t\t\t\t\t\t<\/label>\n\t\t\t\t\t\t<textarea class=\"elementor-field-textual elementor-field  elementor-size-sm\" name=\"form_fields[missatge]\" id=\"form-field-missatge\" rows=\"4\" required=\"required\"><\/textarea>\t\t\t\t<\/div>\n\t\t\t\t\t\t\t\t<div class=\"elementor-field-type-acceptance elementor-field-group elementor-column elementor-field-group-field_b80019e elementor-col-100 elementor-field-required elementor-mark-required\">\n\t\t\t\t\t\t\t<div class=\"elementor-field-subgroup\">\n\t\t\t<span class=\"elementor-field-option\">\n\t\t\t\t<input type=\"checkbox\" name=\"form_fields[field_b80019e]\" id=\"form-field-field_b80019e\" class=\"elementor-field elementor-size-sm  elementor-acceptance-field\" required=\"required\">\n\t\t\t\t<label for=\"form-field-field_b80019e\"><span style=\"font-family: \"Satoshi\", sans-serif;font-size: 10px;font-weight: 900;\">He le\u00eddo y acepto la <a href=\"https:\/\/servicomgirona.com\/es\/aviso-legal\/\" style=\"color:inherit;text-decoration:underline;\">pol\u00edtica de privacidad<\/a> .<\/span><\/label>\t\t\t<\/span>\n\t\t<\/div>\n\t\t\t\t\t\t<\/div>\n\t\t\t\t\t\t\t\t<div class=\"elementor-field-type-recaptcha_v3 elementor-field-group elementor-column elementor-field-group-field_071d259 elementor-col-100 recaptcha_v3-bottomright\">\n\t\t\t\t\t<div class=\"elementor-field\" id=\"form-field-field_071d259\"><div class=\"elementor-g-recaptcha\" data-sitekey=\"6LeTik0qAAAAABF65k2TUKNxX8sfDowxL5DPOUbl\" data-type=\"v3\" data-action=\"Form\" data-badge=\"bottomright\" data-size=\"invisible\"><\/div><\/div>\t\t\t\t<\/div>\n\t\t\t\t\t\t\t\t<div class=\"elementor-field-group elementor-column elementor-field-type-submit elementor-col-40 e-form__buttons\">\n\t\t\t\t\t<button class=\"elementor-button elementor-size-sm\" type=\"submit\">\n\t\t\t\t\t\t<span class=\"elementor-button-content-wrapper\">\n\t\t\t\t\t\t\t\t\t\t\t\t\t\t\t\t\t\t\t\t\t\t<span class=\"elementor-button-text\">Enviar<\/span>\n\t\t\t\t\t\t\t\t\t\t\t\t\t<\/span>\n\t\t\t\t\t<\/button>\n\t\t\t\t<\/div>\n\t\t\t<\/div>\n\t\t<\/form>\n\t\t\t\t\t\t<\/div>\n\t\t\t\t<\/div>\n\t\t<div class=\"elementor-element elementor-element-711849b e-con-full e-flex e-con e-child\" data-id=\"711849b\" data-element_type=\"container\" data-settings=\"{&quot;background_background&quot;:&quot;classic&quot;}\">\n\t\t\t\t<div class=\"elementor-element elementor-element-41e52e39 elementor-widget elementor-widget-text-editor\" data-id=\"41e52e39\" data-element_type=\"widget\" data-widget_type=\"text-editor.default\">\n\t\t\t\t<div class=\"elementor-widget-container\">\n\t\t\t\t\t\t\t\t\tServicio<br> <strong style=\"font-size:40px;font-weight:900;line-height:1\">24\/7<\/strong><br> de t\u00e9cnicos<br> compresoristas\t\t\t\t\t\t\t\t<\/div>\n\t\t\t\t<\/div>\n\t\t\t\t<\/div>\n\t\t\t\t\t<\/div>\n\t\t\t\t<\/div>\n\t\t\t\t<\/div>\n\t\t","protected":false},"excerpt":{"rendered":"<p>You are here: Home Compresores de Tornillo de Velocidad Variable El compresor de velocidad variable (VSD) es la opci\u00f3n m\u00e1s popular actualmente por ser la m\u00e1s eficiente y vers\u00e1til. A diferencia de los compresores de velocidad fijo (FS), que se limitan a dos estados (en vac\u00edo o velocidad m\u00e1xima), los compresores de velocidad variable utilizan&hellip;<\/p>\n","protected":false},"author":3,"featured_media":0,"parent":88766,"menu_order":20,"comment_status":"closed","ping_status":"closed","template":"","meta":{"footnotes":""},"class_list":["post-88770","page","type-page","status-publish","hentry"],"_links":{"self":[{"href":"https:\/\/servicomgirona.com\/es\/wp-json\/wp\/v2\/pages\/88770","targetHints":{"allow":["GET"]}}],"collection":[{"href":"https:\/\/servicomgirona.com\/es\/wp-json\/wp\/v2\/pages"}],"about":[{"href":"https:\/\/servicomgirona.com\/es\/wp-json\/wp\/v2\/types\/page"}],"author":[{"embeddable":true,"href":"https:\/\/servicomgirona.com\/es\/wp-json\/wp\/v2\/users\/3"}],"replies":[{"embeddable":true,"href":"https:\/\/servicomgirona.com\/es\/wp-json\/wp\/v2\/comments?post=88770"}],"version-history":[{"count":0,"href":"https:\/\/servicomgirona.com\/es\/wp-json\/wp\/v2\/pages\/88770\/revisions"}],"up":[{"embeddable":true,"href":"https:\/\/servicomgirona.com\/es\/wp-json\/wp\/v2\/pages\/88766"}],"wp:attachment":[{"href":"https:\/\/servicomgirona.com\/es\/wp-json\/wp\/v2\/media?parent=88770"}],"curies":[{"name":"wp","href":"https:\/\/api.w.org\/{rel}","templated":true}]}}