{"id":88753,"date":"2024-05-27T09:36:27","date_gmt":"2024-05-27T09:36:27","guid":{"rendered":"https:\/\/servicomgirona.com\/wordpress\/index.php\/compresores-de-caracol-de-doble-etapa\/"},"modified":"2025-07-24T08:50:29","modified_gmt":"2025-07-24T08:50:29","slug":"compresores-de-caracol-de-doble-etapa","status":"publish","type":"page","link":"https:\/\/servicomgirona.com\/es\/compresores-aire\/compresores-de-tornillo-de-doble-etapa\/","title":{"rendered":"Compresores de Tornillo de Doble Etapa"},"content":{"rendered":"\t\t<div data-elementor-type=\"wp-page\" data-elementor-id=\"88753\" class=\"elementor elementor-88753 elementor-87357\" data-elementor-post-type=\"page\">\n\t\t\t\t<div class=\"elementor-element elementor-element-584841f6 e-grid e-con-boxed e-con e-parent\" data-id=\"584841f6\" data-element_type=\"container\" data-settings=\"{&quot;background_background&quot;:&quot;classic&quot;}\">\n\t\t\t\t\t<div class=\"e-con-inner\">\n\t\t<div class=\"elementor-element elementor-element-1ac0dca6 e-con-full e-flex e-con e-child\" data-id=\"1ac0dca6\" data-element_type=\"container\">\n\t\t\t\t<div class=\"elementor-element elementor-element-69a77ca1 split-breadcrumbs-y elementor-widget elementor-widget-the7-breadcrumb\" data-id=\"69a77ca1\" data-element_type=\"widget\" data-widget_type=\"the7-breadcrumb.default\">\n\t\t\t\t<div class=\"elementor-widget-container\">\n\t\t\t\t\t<div class=\"assistive-text\">You are here:<\/div><ol class=\"breadcrumbs text-small rcrumbs\" itemscope itemtype=\"https:\/\/schema.org\/BreadcrumbList\"><li itemprop=\"itemListElement\" itemscope itemtype=\"https:\/\/schema.org\/ListItem\"><a itemprop=\"item\" href=\"https:\/\/servicomgirona.com\/es\/\" title=\"Home\"><span itemprop=\"name\">Home<\/span><\/a><meta itemprop=\"position\" content=\"1\" \/><\/li><li class=\"current\" itemprop=\"itemListElement\" itemscope itemtype=\"https:\/\/schema.org\/ListItem\"><span itemprop=\"name\">P\u00e1gina<\/span><meta itemprop=\"position\" content=\"2\" \/><\/li><\/ol>\t\t\t\t<\/div>\n\t\t\t\t<\/div>\n\t\t\t\t<div class=\"elementor-element elementor-element-7fb69d3 elementor-widget elementor-widget-heading\" data-id=\"7fb69d3\" data-element_type=\"widget\" data-widget_type=\"heading.default\">\n\t\t\t\t<div class=\"elementor-widget-container\">\n\t\t\t\t\t<h5 class=\"elementor-heading-title elementor-size-default\">Compresores de Tornillo de Doble Etapa<\/h5>\t\t\t\t<\/div>\n\t\t\t\t<\/div>\n\t\t\t\t<div class=\"elementor-element elementor-element-106345f1 elementor-widget elementor-widget-text-editor\" data-id=\"106345f1\" data-element_type=\"widget\" data-widget_type=\"text-editor.default\">\n\t\t\t\t<div class=\"elementor-widget-container\">\n\t\t\t\t\t\t\t\t\t<p>El compresor de doble etapa logra una mejor potencia espec\u00edfica gracias al doble sistema de compresi\u00f3n<\/p>\t\t\t\t\t\t\t\t<\/div>\n\t\t\t\t<\/div>\n\t\t\t\t<div class=\"elementor-element elementor-element-1f67e9e7 elementor-widget elementor-widget-text-editor\" data-id=\"1f67e9e7\" data-element_type=\"widget\" data-widget_type=\"text-editor.default\">\n\t\t\t\t<div class=\"elementor-widget-container\">\n\t\t\t\t\t\t\t\t\t<p>La tecnolog\u00eda de tornillo rotativo lubricado de dos etapas presenta <strong>un importante ahorro energ\u00e9tico frente a los compresores de una etapa.<\/strong><\/p><p>La doble etapa tiene considerables <strong>mejoras de ahorro energ\u00e9tico y econ\u00f3mico.<\/strong> Reduciendo los costes de mantenimiento y alargando la vida \u00fatil de la m\u00e1quina.<\/p><ul><li>Acoplamiento directo<\/li><li>P\u00e9rdidas internas reducidas<\/li><li>Fuerzas axiales y de compresi\u00f3n bajas<\/li><li>Bajo desgaste en tornillo y almohadillas<\/li><li>Cerca de la compresi\u00f3n isot\u00e9rmica  <\/li><li>Alto rendimiento energ\u00e9tico<\/li><li>M\u00ednima p\u00e9rdida de presi\u00f3n<\/li><\/ul>\t\t\t\t\t\t\t\t<\/div>\n\t\t\t\t<\/div>\n\t\t\t\t<div class=\"elementor-element elementor-element-7c7f492f elementor-widget elementor-widget-text-editor\" data-id=\"7c7f492f\" data-element_type=\"widget\" data-widget_type=\"text-editor.default\">\n\t\t\t\t<div class=\"elementor-widget-container\">\n\t\t\t\t\t\t\t\t\t<p>Hasta un 15% de ahorro y un 10% m\u00e1s de caudal respecto a un compresor de simple etapa<\/p>\t\t\t\t\t\t\t\t<\/div>\n\t\t\t\t<\/div>\n\t\t\t\t<div class=\"elementor-element elementor-element-6671510d elementor-tablet-align-center elementor-widget elementor-widget-the7_button_widget\" data-id=\"6671510d\" data-element_type=\"widget\" data-widget_type=\"the7_button_widget.default\">\n\t\t\t\t<div class=\"elementor-widget-container\">\n\t\t\t\t\t<div class=\"elementor-button-wrapper\"><a href=\"#elementor-action%3Aaction%3Dpopup%3Aopen%26settings%3DeyJpZCI6OTI4MTQsInRvZ2dsZSI6ZmFsc2V9\" class=\"box-button elementor-button elementor-size-sm\">SOLICITA UN PRESUPUESTO<\/a><\/div>\t\t\t\t<\/div>\n\t\t\t\t<\/div>\n\t\t\t\t<\/div>\n\t\t<div class=\"elementor-element elementor-element-32c46ee6 e-con-full e-flex e-con e-child\" data-id=\"32c46ee6\" data-element_type=\"container\">\n\t\t\t\t<div class=\"elementor-element elementor-element-5353cc7 elementor-widget elementor-widget-image\" data-id=\"5353cc7\" data-element_type=\"widget\" data-widget_type=\"image.default\">\n\t\t\t\t<div class=\"elementor-widget-container\">\n\t\t\t\t\t\t\t\t\t\t\t\t\t\t\t<img fetchpriority=\"high\" decoding=\"async\" width=\"1024\" height=\"927\" src=\"https:\/\/servicomgirona.com\/wp-content\/uploads\/2024\/05\/235a73f2c2bdb8a69ddd3f8ba730a88a-1024x927.png\" class=\"attachment-large size-large wp-image-87814\" alt=\"Compressors de Cargol de Doble Etapa\" srcset=\"https:\/\/servicomgirona.com\/wp-content\/uploads\/2024\/05\/235a73f2c2bdb8a69ddd3f8ba730a88a-1024x927.png 1024w, https:\/\/servicomgirona.com\/wp-content\/uploads\/2024\/05\/235a73f2c2bdb8a69ddd3f8ba730a88a-300x272.png 300w, https:\/\/servicomgirona.com\/wp-content\/uploads\/2024\/05\/235a73f2c2bdb8a69ddd3f8ba730a88a-768x695.png 768w, https:\/\/servicomgirona.com\/wp-content\/uploads\/2024\/05\/235a73f2c2bdb8a69ddd3f8ba730a88a.png 1440w\" sizes=\"(max-width: 1024px) 100vw, 1024px\" title=\"-\">\t\t\t\t\t\t\t\t\t\t\t\t\t\t\t<\/div>\n\t\t\t\t<\/div>\n\t\t\t\t<div class=\"elementor-element elementor-element-d63020a elementor-widget elementor-widget-image\" data-id=\"d63020a\" data-element_type=\"widget\" data-widget_type=\"image.default\">\n\t\t\t\t<div class=\"elementor-widget-container\">\n\t\t\t\t\t\t\t\t\t\t\t\t\t\t\t<img decoding=\"async\" width=\"1024\" height=\"679\" src=\"https:\/\/servicomgirona.com\/wp-content\/uploads\/2024\/05\/f37a9b94fa4ecfe34f9a0b6e880a9711-2-1024x679.png\" class=\"attachment-large size-large wp-image-87815\" alt=\"Compressors de Cargol de Doble Etapa\" srcset=\"https:\/\/servicomgirona.com\/wp-content\/uploads\/2024\/05\/f37a9b94fa4ecfe34f9a0b6e880a9711-2-1024x679.png 1024w, https:\/\/servicomgirona.com\/wp-content\/uploads\/2024\/05\/f37a9b94fa4ecfe34f9a0b6e880a9711-2-300x199.png 300w, https:\/\/servicomgirona.com\/wp-content\/uploads\/2024\/05\/f37a9b94fa4ecfe34f9a0b6e880a9711-2-768x509.png 768w, https:\/\/servicomgirona.com\/wp-content\/uploads\/2024\/05\/f37a9b94fa4ecfe34f9a0b6e880a9711-2.png 1247w\" sizes=\"(max-width: 1024px) 100vw, 1024px\" title=\"-\">\t\t\t\t\t\t\t\t\t\t\t\t\t\t\t<\/div>\n\t\t\t\t<\/div>\n\t\t\t\t<div class=\"elementor-element elementor-element-02590d5 elementor-widget elementor-widget-text-editor\" data-id=\"02590d5\" data-element_type=\"widget\" data-widget_type=\"text-editor.default\">\n\t\t\t\t<div class=\"elementor-widget-container\">\n\t\t\t\t\t\t\t\t\t<p>Consigue hasta un 65% de ahorro con un compresor de doble etapa con variador frente a un compresor de simple etapa fijo<\/p>\t\t\t\t\t\t\t\t<\/div>\n\t\t\t\t<\/div>\n\t\t\t\t<\/div>\n\t\t\t\t\t<\/div>\n\t\t\t\t<\/div>\n\t\t<div class=\"elementor-element elementor-element-7fe63bfe e-grid e-con-boxed e-con e-parent\" data-id=\"7fe63bfe\" data-element_type=\"container\" data-settings=\"{&quot;background_background&quot;:&quot;classic&quot;}\">\n\t\t\t\t\t<div class=\"e-con-inner\">\n\t\t<div class=\"elementor-element elementor-element-1b471e5d e-con-full e-flex e-con e-child\" data-id=\"1b471e5d\" data-element_type=\"container\">\n\t\t\t\t<div class=\"elementor-element elementor-element-6c22dfbd elementor-widget elementor-widget-heading\" data-id=\"6c22dfbd\" data-element_type=\"widget\" data-widget_type=\"heading.default\">\n\t\t\t\t<div class=\"elementor-widget-container\">\n\t\t\t\t\t<h5 class=\"elementor-heading-title elementor-size-default\">Servicio de confianza y proximidad, con m\u00e1s de 50 a\u00f1os de experiencia<\/h5>\t\t\t\t<\/div>\n\t\t\t\t<\/div>\n\t\t\t\t<div class=\"elementor-element elementor-element-766c2a6a elementor-widget elementor-widget-text-editor\" data-id=\"766c2a6a\" data-element_type=\"widget\" data-widget_type=\"text-editor.default\">\n\t\t\t\t<div class=\"elementor-widget-container\">\n\t\t\t\t\t\t\t\t\t<p>Realiza tu consulta sin compromiso.<\/p>\t\t\t\t\t\t\t\t<\/div>\n\t\t\t\t<\/div>\n\t\t\t\t<\/div>\n\t\t\t\t<div class=\"elementor-element elementor-element-e608dda elementor-button-align-start formNew elementor-widget elementor-widget-global elementor-global-92624 elementor-global-92607 elementor-widget-form\" data-id=\"e608dda\" data-element_type=\"widget\" data-settings=\"{&quot;button_width&quot;:&quot;40&quot;,&quot;step_next_label&quot;:&quot;Next&quot;,&quot;step_previous_label&quot;:&quot;Previous&quot;,&quot;step_type&quot;:&quot;number_text&quot;,&quot;step_icon_shape&quot;:&quot;circle&quot;}\" data-widget_type=\"form.default\">\n\t\t\t\t<div class=\"elementor-widget-container\">\n\t\t\t\t\t\t\t<form class=\"elementor-form\" method=\"post\" name=\"Formulario contacto 2025\" aria-label=\"Formulario contacto 2025\" novalidate=\"\">\n\t\t\t<input type=\"hidden\" name=\"post_id\" value=\"88753\"\/>\n\t\t\t<input type=\"hidden\" name=\"form_id\" value=\"e608dda\"\/>\n\t\t\t<input type=\"hidden\" name=\"referer_title\" value=\"\" \/>\n\n\t\t\t\n\t\t\t<div class=\"elementor-form-fields-wrapper elementor-labels-above\">\n\t\t\t\t\t\t\t\t<div class=\"elementor-field-type-text elementor-field-group elementor-column elementor-field-group-name elementor-col-100 elementor-field-required elementor-mark-required\">\n\t\t\t\t\t\t\t\t\t\t\t\t<label for=\"form-field-name\" class=\"elementor-field-label\">\n\t\t\t\t\t\t\t\tNombre y Apellido\t\t\t\t\t\t\t<\/label>\n\t\t\t\t\t\t\t\t\t\t\t\t\t\t<input size=\"1\" type=\"text\" name=\"form_fields[name]\" id=\"form-field-name\" class=\"elementor-field elementor-size-sm  elementor-field-textual\" required=\"required\">\n\t\t\t\t\t\t\t\t\t\t\t<\/div>\n\t\t\t\t\t\t\t\t<div class=\"elementor-field-type-email elementor-field-group elementor-column elementor-field-group-email elementor-col-100 elementor-field-required elementor-mark-required\">\n\t\t\t\t\t\t\t\t\t\t\t\t<label for=\"form-field-email\" class=\"elementor-field-label\">\n\t\t\t\t\t\t\t\tCorreo electr\u00f3nico\t\t\t\t\t\t\t<\/label>\n\t\t\t\t\t\t\t\t\t\t\t\t\t\t<input size=\"1\" type=\"email\" name=\"form_fields[email]\" id=\"form-field-email\" class=\"elementor-field elementor-size-sm  elementor-field-textual\" required=\"required\">\n\t\t\t\t\t\t\t\t\t\t\t<\/div>\n\t\t\t\t\t\t\t\t<div class=\"elementor-field-type-tel elementor-field-group elementor-column elementor-field-group-telefon elementor-col-100\">\n\t\t\t\t\t\t\t\t\t\t\t\t<label for=\"form-field-telefon\" class=\"elementor-field-label\">\n\t\t\t\t\t\t\t\tTel\u00e9fono\t\t\t\t\t\t\t<\/label>\n\t\t\t\t\t\t\t\t<input size=\"1\" type=\"tel\" name=\"form_fields[telefon]\" id=\"form-field-telefon\" class=\"elementor-field elementor-size-sm  elementor-field-textual\" pattern=\"[0-9()#&amp;+*-=.]+\" title=\"Solo se aceptan n\u00fameros y caracteres de tel\u00e9fono (#,-,*,etc).\">\n\n\t\t\t\t\t\t<\/div>\n\t\t\t\t\t\t\t\t<div class=\"elementor-field-type-text elementor-field-group elementor-column elementor-field-group-empresa elementor-col-100\">\n\t\t\t\t\t\t\t\t\t\t\t\t<label for=\"form-field-empresa\" class=\"elementor-field-label\">\n\t\t\t\t\t\t\t\tEmpresa\t\t\t\t\t\t\t<\/label>\n\t\t\t\t\t\t\t\t\t\t\t\t\t\t<input size=\"1\" type=\"text\" name=\"form_fields[empresa]\" id=\"form-field-empresa\" class=\"elementor-field elementor-size-sm  elementor-field-textual\">\n\t\t\t\t\t\t\t\t\t\t\t<\/div>\n\t\t\t\t\t\t\t\t<div class=\"elementor-field-type-textarea elementor-field-group elementor-column elementor-field-group-missatge elementor-col-100 elementor-field-required elementor-mark-required\">\n\t\t\t\t\t\t\t\t\t\t\t\t<label for=\"form-field-missatge\" class=\"elementor-field-label\">\n\t\t\t\t\t\t\t\tCu\u00e9ntanos lo que necesitas\t\t\t\t\t\t\t<\/label>\n\t\t\t\t\t\t<textarea class=\"elementor-field-textual elementor-field  elementor-size-sm\" name=\"form_fields[missatge]\" id=\"form-field-missatge\" rows=\"4\" required=\"required\"><\/textarea>\t\t\t\t<\/div>\n\t\t\t\t\t\t\t\t<div class=\"elementor-field-type-acceptance elementor-field-group elementor-column elementor-field-group-field_b80019e elementor-col-100 elementor-field-required elementor-mark-required\">\n\t\t\t\t\t\t\t<div class=\"elementor-field-subgroup\">\n\t\t\t<span class=\"elementor-field-option\">\n\t\t\t\t<input type=\"checkbox\" name=\"form_fields[field_b80019e]\" id=\"form-field-field_b80019e\" class=\"elementor-field elementor-size-sm  elementor-acceptance-field\" required=\"required\">\n\t\t\t\t<label for=\"form-field-field_b80019e\"><span style=\"font-family: \"Satoshi\", sans-serif;font-size: 10px;font-weight: 900;\">He le\u00eddo y acepto la <a href=\"https:\/\/servicomgirona.com\/es\/aviso-legal\/\" style=\"color:inherit;text-decoration:underline;\">pol\u00edtica de privacidad<\/a> .<\/span><\/label>\t\t\t<\/span>\n\t\t<\/div>\n\t\t\t\t\t\t<\/div>\n\t\t\t\t\t\t\t\t<div class=\"elementor-field-type-recaptcha_v3 elementor-field-group elementor-column elementor-field-group-field_071d259 elementor-col-100 recaptcha_v3-bottomright\">\n\t\t\t\t\t<div class=\"elementor-field\" id=\"form-field-field_071d259\"><div class=\"elementor-g-recaptcha\" data-sitekey=\"6LeTik0qAAAAABF65k2TUKNxX8sfDowxL5DPOUbl\" data-type=\"v3\" data-action=\"Form\" data-badge=\"bottomright\" data-size=\"invisible\"><\/div><\/div>\t\t\t\t<\/div>\n\t\t\t\t\t\t\t\t<div class=\"elementor-field-group elementor-column elementor-field-type-submit elementor-col-40 e-form__buttons\">\n\t\t\t\t\t<button class=\"elementor-button elementor-size-sm\" type=\"submit\">\n\t\t\t\t\t\t<span class=\"elementor-button-content-wrapper\">\n\t\t\t\t\t\t\t\t\t\t\t\t\t\t\t\t\t\t\t\t\t\t<span class=\"elementor-button-text\">Enviar<\/span>\n\t\t\t\t\t\t\t\t\t\t\t\t\t<\/span>\n\t\t\t\t\t<\/button>\n\t\t\t\t<\/div>\n\t\t\t<\/div>\n\t\t<\/form>\n\t\t\t\t\t\t<\/div>\n\t\t\t\t<\/div>\n\t\t<div class=\"elementor-element elementor-element-2f8e8e51 e-con-full e-flex e-con e-child\" data-id=\"2f8e8e51\" data-element_type=\"container\" data-settings=\"{&quot;background_background&quot;:&quot;classic&quot;}\">\n\t\t\t\t<div class=\"elementor-element elementor-element-2f8eea3e elementor-widget elementor-widget-text-editor\" data-id=\"2f8eea3e\" data-element_type=\"widget\" data-widget_type=\"text-editor.default\">\n\t\t\t\t<div class=\"elementor-widget-container\">\n\t\t\t\t\t\t\t\t\tServicio<br> <strong style=\"font-size:40px;font-weight:900;line-height:1\">24\/7<\/strong><br> de t\u00e9cnicos<br> compresoristas\t\t\t\t\t\t\t\t<\/div>\n\t\t\t\t<\/div>\n\t\t\t\t<\/div>\n\t\t\t\t\t<\/div>\n\t\t\t\t<\/div>\n\t\t\t\t<\/div>\n\t\t","protected":false},"excerpt":{"rendered":"<p>You are here: Home Compresores de Tornillo de Doble Etapa El compresor de doble etapa logra una mejor potencia espec\u00edfica gracias al doble sistema de compresi\u00f3n La tecnolog\u00eda de tornillo rotativo lubricado de dos etapas presenta un importante ahorro energ\u00e9tico frente a los compresores de una etapa. La doble etapa tiene considerables mejoras de ahorro&hellip;<\/p>\n","protected":false},"author":3,"featured_media":0,"parent":88766,"menu_order":20,"comment_status":"closed","ping_status":"closed","template":"","meta":{"footnotes":""},"class_list":["post-88753","page","type-page","status-publish","hentry"],"_links":{"self":[{"href":"https:\/\/servicomgirona.com\/es\/wp-json\/wp\/v2\/pages\/88753","targetHints":{"allow":["GET"]}}],"collection":[{"href":"https:\/\/servicomgirona.com\/es\/wp-json\/wp\/v2\/pages"}],"about":[{"href":"https:\/\/servicomgirona.com\/es\/wp-json\/wp\/v2\/types\/page"}],"author":[{"embeddable":true,"href":"https:\/\/servicomgirona.com\/es\/wp-json\/wp\/v2\/users\/3"}],"replies":[{"embeddable":true,"href":"https:\/\/servicomgirona.com\/es\/wp-json\/wp\/v2\/comments?post=88753"}],"version-history":[{"count":0,"href":"https:\/\/servicomgirona.com\/es\/wp-json\/wp\/v2\/pages\/88753\/revisions"}],"up":[{"embeddable":true,"href":"https:\/\/servicomgirona.com\/es\/wp-json\/wp\/v2\/pages\/88766"}],"wp:attachment":[{"href":"https:\/\/servicomgirona.com\/es\/wp-json\/wp\/v2\/media?parent=88753"}],"curies":[{"name":"wp","href":"https:\/\/api.w.org\/{rel}","templated":true}]}}