{"id":88723,"date":"2024-05-27T14:12:13","date_gmt":"2024-05-27T14:12:13","guid":{"rendered":"https:\/\/servicomgirona.com\/wordpress\/index.php\/separadores-de-condensados\/"},"modified":"2025-07-15T16:41:58","modified_gmt":"2025-07-15T16:41:58","slug":"separadores-de-condensados","status":"publish","type":"page","link":"https:\/\/servicomgirona.com\/es\/calidad-y-tratamiento-de-laire-comprimido\/separadores-de-condensados\/","title":{"rendered":"Separadores de condensados"},"content":{"rendered":"\t\t<div data-elementor-type=\"wp-page\" data-elementor-id=\"88723\" class=\"elementor elementor-88723 elementor-87450\" data-elementor-post-type=\"page\">\n\t\t\t\t<div class=\"elementor-element elementor-element-169e94e4 e-grid e-con-boxed e-con e-parent\" data-id=\"169e94e4\" data-element_type=\"container\" data-settings=\"{&quot;background_background&quot;:&quot;classic&quot;}\">\n\t\t\t\t\t<div class=\"e-con-inner\">\n\t\t<div class=\"elementor-element elementor-element-64e077c6 e-con-full e-flex e-con e-child\" data-id=\"64e077c6\" data-element_type=\"container\">\n\t\t\t\t<div class=\"elementor-element elementor-element-155bb215 split-breadcrumbs-y elementor-widget elementor-widget-the7-breadcrumb\" data-id=\"155bb215\" data-element_type=\"widget\" data-widget_type=\"the7-breadcrumb.default\">\n\t\t\t\t<div class=\"elementor-widget-container\">\n\t\t\t\t\t<div class=\"assistive-text\">You are here:<\/div><ol class=\"breadcrumbs text-small rcrumbs\" itemscope itemtype=\"https:\/\/schema.org\/BreadcrumbList\"><li itemprop=\"itemListElement\" itemscope itemtype=\"https:\/\/schema.org\/ListItem\"><a itemprop=\"item\" href=\"https:\/\/servicomgirona.com\/es\/\" title=\"Home\"><span itemprop=\"name\">Home<\/span><\/a><meta itemprop=\"position\" content=\"1\" \/><\/li><li class=\"current\" itemprop=\"itemListElement\" itemscope itemtype=\"https:\/\/schema.org\/ListItem\"><span itemprop=\"name\">P\u00e1gina<\/span><meta itemprop=\"position\" content=\"2\" \/><\/li><\/ol>\t\t\t\t<\/div>\n\t\t\t\t<\/div>\n\t\t\t\t<div class=\"elementor-element elementor-element-51a4b032 elementor-widget elementor-widget-heading\" data-id=\"51a4b032\" data-element_type=\"widget\" data-widget_type=\"heading.default\">\n\t\t\t\t<div class=\"elementor-widget-container\">\n\t\t\t\t\t<h5 class=\"elementor-heading-title elementor-size-default\">Separadores de condensados<\/h5>\t\t\t\t<\/div>\n\t\t\t\t<\/div>\n\t\t\t\t<div class=\"elementor-element elementor-element-5adfbde1 elementor-widget elementor-widget-text-editor\" data-id=\"5adfbde1\" data-element_type=\"widget\" data-widget_type=\"text-editor.default\">\n\t\t\t\t<div class=\"elementor-widget-container\">\n\t\t\t\t\t\t\t\t\t<p>Separadores de agua y aceite<\/p>\t\t\t\t\t\t\t\t<\/div>\n\t\t\t\t<\/div>\n\t\t\t\t<div class=\"elementor-element elementor-element-543af5d1 elementor-widget elementor-widget-text-editor\" data-id=\"543af5d1\" data-element_type=\"widget\" data-widget_type=\"text-editor.default\">\n\t\t\t\t<div class=\"elementor-widget-container\">\n\t\t\t\t\t\t\t\t\t<p>El separador de condensados, a trav\u00e9s de un sistema de decantaci\u00f3n, <strong>separa el aire del agua y el aceite.<\/strong><\/p><p>Con un sistema revolucionario, modular y totalmente herm\u00e9tico, nuestros separadores <strong>permiten procesar los residuos de forma adecuada seg\u00fan la legislaci\u00f3n.<\/strong><\/p>\t\t\t\t\t\t\t\t<\/div>\n\t\t\t\t<\/div>\n\t\t\t\t<div class=\"elementor-element elementor-element-5a117af2 elementor-tablet-align-center elementor-widget elementor-widget-the7_button_widget\" data-id=\"5a117af2\" data-element_type=\"widget\" data-widget_type=\"the7_button_widget.default\">\n\t\t\t\t<div class=\"elementor-widget-container\">\n\t\t\t\t\t<div class=\"elementor-button-wrapper\"><a href=\"#elementor-action%3Aaction%3Dpopup%3Aopen%26settings%3DeyJpZCI6ODg3MzUsInRvZ2dsZSI6ZmFsc2V9\" class=\"box-button elementor-button elementor-size-sm\">SOLICITA UN PRESUPUESTO<\/a><\/div>\t\t\t\t<\/div>\n\t\t\t\t<\/div>\n\t\t\t\t<\/div>\n\t\t<div class=\"elementor-element elementor-element-73988773 e-con-full e-flex e-con e-child\" data-id=\"73988773\" data-element_type=\"container\">\n\t\t\t\t<div class=\"elementor-element elementor-element-ba6d698 elementor-widget elementor-widget-image\" data-id=\"ba6d698\" data-element_type=\"widget\" data-widget_type=\"image.default\">\n\t\t\t\t<div class=\"elementor-widget-container\">\n\t\t\t\t\t\t\t\t\t\t\t\t\t\t\t<img fetchpriority=\"high\" decoding=\"async\" width=\"600\" height=\"709\" src=\"https:\/\/servicomgirona.com\/wp-content\/uploads\/2024\/05\/9c253665775a02bef92e03b1bc94b4e1.png\" class=\"attachment-large size-large wp-image-87830\" alt=\"Qualitat i tractament de l\u2019Aire Comprimit\" srcset=\"https:\/\/servicomgirona.com\/wp-content\/uploads\/2024\/05\/9c253665775a02bef92e03b1bc94b4e1.png 600w, https:\/\/servicomgirona.com\/wp-content\/uploads\/2024\/05\/9c253665775a02bef92e03b1bc94b4e1-254x300.png 254w\" sizes=\"(max-width: 600px) 100vw, 600px\" title=\"-\">\t\t\t\t\t\t\t\t\t\t\t\t\t\t\t<\/div>\n\t\t\t\t<\/div>\n\t\t\t\t<\/div>\n\t\t\t\t\t<\/div>\n\t\t\t\t<\/div>\n\t\t<div class=\"elementor-element elementor-element-3114f943 e-grid e-con-boxed e-con e-parent\" data-id=\"3114f943\" data-element_type=\"container\" data-settings=\"{&quot;background_background&quot;:&quot;classic&quot;}\">\n\t\t\t\t\t<div class=\"e-con-inner\">\n\t\t<div class=\"elementor-element elementor-element-652204fa e-con-full e-flex e-con e-child\" data-id=\"652204fa\" data-element_type=\"container\">\n\t\t\t\t<div class=\"elementor-element elementor-element-3fc9b183 elementor-widget elementor-widget-heading\" data-id=\"3fc9b183\" data-element_type=\"widget\" data-widget_type=\"heading.default\">\n\t\t\t\t<div class=\"elementor-widget-container\">\n\t\t\t\t\t<h5 class=\"elementor-heading-title elementor-size-default\">Servicio de confianza y proximidad, con m\u00e1s de 50 a\u00f1os de experiencia<\/h5>\t\t\t\t<\/div>\n\t\t\t\t<\/div>\n\t\t\t\t<div class=\"elementor-element elementor-element-1caf8586 elementor-widget elementor-widget-text-editor\" data-id=\"1caf8586\" data-element_type=\"widget\" data-widget_type=\"text-editor.default\">\n\t\t\t\t<div class=\"elementor-widget-container\">\n\t\t\t\t\t\t\t\t\t<p>Realiza tu consulta sin compromiso.<\/p>\t\t\t\t\t\t\t\t<\/div>\n\t\t\t\t<\/div>\n\t\t\t\t<\/div>\n\t\t\t\t<div class=\"elementor-element elementor-element-bafe859 elementor-button-align-start formNew elementor-widget elementor-widget-global elementor-global-92624 elementor-global-92607 elementor-widget-form\" data-id=\"bafe859\" data-element_type=\"widget\" data-settings=\"{&quot;button_width&quot;:&quot;40&quot;,&quot;step_next_label&quot;:&quot;Next&quot;,&quot;step_previous_label&quot;:&quot;Previous&quot;,&quot;step_type&quot;:&quot;number_text&quot;,&quot;step_icon_shape&quot;:&quot;circle&quot;}\" data-widget_type=\"form.default\">\n\t\t\t\t<div class=\"elementor-widget-container\">\n\t\t\t\t\t\t\t<form class=\"elementor-form\" method=\"post\" name=\"Formulario contacto 2025\" aria-label=\"Formulario contacto 2025\" novalidate=\"\">\n\t\t\t<input type=\"hidden\" name=\"post_id\" value=\"88723\"\/>\n\t\t\t<input type=\"hidden\" name=\"form_id\" value=\"bafe859\"\/>\n\t\t\t<input type=\"hidden\" name=\"referer_title\" value=\"\" \/>\n\n\t\t\t\n\t\t\t<div class=\"elementor-form-fields-wrapper elementor-labels-above\">\n\t\t\t\t\t\t\t\t<div class=\"elementor-field-type-text elementor-field-group elementor-column elementor-field-group-name elementor-col-100 elementor-field-required elementor-mark-required\">\n\t\t\t\t\t\t\t\t\t\t\t\t<label for=\"form-field-name\" class=\"elementor-field-label\">\n\t\t\t\t\t\t\t\tNombre y Apellido\t\t\t\t\t\t\t<\/label>\n\t\t\t\t\t\t\t\t\t\t\t\t\t\t<input size=\"1\" type=\"text\" name=\"form_fields[name]\" id=\"form-field-name\" class=\"elementor-field elementor-size-sm  elementor-field-textual\" required=\"required\">\n\t\t\t\t\t\t\t\t\t\t\t<\/div>\n\t\t\t\t\t\t\t\t<div class=\"elementor-field-type-email elementor-field-group elementor-column elementor-field-group-email elementor-col-100 elementor-field-required elementor-mark-required\">\n\t\t\t\t\t\t\t\t\t\t\t\t<label for=\"form-field-email\" class=\"elementor-field-label\">\n\t\t\t\t\t\t\t\tCorreo electr\u00f3nico\t\t\t\t\t\t\t<\/label>\n\t\t\t\t\t\t\t\t\t\t\t\t\t\t<input size=\"1\" type=\"email\" name=\"form_fields[email]\" id=\"form-field-email\" class=\"elementor-field elementor-size-sm  elementor-field-textual\" required=\"required\">\n\t\t\t\t\t\t\t\t\t\t\t<\/div>\n\t\t\t\t\t\t\t\t<div class=\"elementor-field-type-tel elementor-field-group elementor-column elementor-field-group-telefon elementor-col-100\">\n\t\t\t\t\t\t\t\t\t\t\t\t<label for=\"form-field-telefon\" class=\"elementor-field-label\">\n\t\t\t\t\t\t\t\tTel\u00e9fono\t\t\t\t\t\t\t<\/label>\n\t\t\t\t\t\t\t\t<input size=\"1\" type=\"tel\" name=\"form_fields[telefon]\" id=\"form-field-telefon\" class=\"elementor-field elementor-size-sm  elementor-field-textual\" pattern=\"[0-9()#&amp;+*-=.]+\" title=\"Solo se aceptan n\u00fameros y caracteres de tel\u00e9fono (#,-,*,etc).\">\n\n\t\t\t\t\t\t<\/div>\n\t\t\t\t\t\t\t\t<div class=\"elementor-field-type-text elementor-field-group elementor-column elementor-field-group-empresa elementor-col-100\">\n\t\t\t\t\t\t\t\t\t\t\t\t<label for=\"form-field-empresa\" class=\"elementor-field-label\">\n\t\t\t\t\t\t\t\tEmpresa\t\t\t\t\t\t\t<\/label>\n\t\t\t\t\t\t\t\t\t\t\t\t\t\t<input size=\"1\" type=\"text\" name=\"form_fields[empresa]\" id=\"form-field-empresa\" class=\"elementor-field elementor-size-sm  elementor-field-textual\">\n\t\t\t\t\t\t\t\t\t\t\t<\/div>\n\t\t\t\t\t\t\t\t<div class=\"elementor-field-type-textarea elementor-field-group elementor-column elementor-field-group-missatge elementor-col-100 elementor-field-required elementor-mark-required\">\n\t\t\t\t\t\t\t\t\t\t\t\t<label for=\"form-field-missatge\" class=\"elementor-field-label\">\n\t\t\t\t\t\t\t\tCu\u00e9ntanos lo que necesitas\t\t\t\t\t\t\t<\/label>\n\t\t\t\t\t\t<textarea class=\"elementor-field-textual elementor-field  elementor-size-sm\" name=\"form_fields[missatge]\" id=\"form-field-missatge\" rows=\"4\" required=\"required\"><\/textarea>\t\t\t\t<\/div>\n\t\t\t\t\t\t\t\t<div class=\"elementor-field-type-acceptance elementor-field-group elementor-column elementor-field-group-field_b80019e elementor-col-100 elementor-field-required elementor-mark-required\">\n\t\t\t\t\t\t\t<div class=\"elementor-field-subgroup\">\n\t\t\t<span class=\"elementor-field-option\">\n\t\t\t\t<input type=\"checkbox\" name=\"form_fields[field_b80019e]\" id=\"form-field-field_b80019e\" class=\"elementor-field elementor-size-sm  elementor-acceptance-field\" required=\"required\">\n\t\t\t\t<label for=\"form-field-field_b80019e\"><span style=\"font-family: \"Satoshi\", sans-serif;font-size: 10px;font-weight: 900;\">He le\u00eddo y acepto la <a href=\"https:\/\/servicomgirona.com\/es\/aviso-legal\/\" style=\"color:inherit;text-decoration:underline;\">pol\u00edtica de privacidad<\/a> .<\/span><\/label>\t\t\t<\/span>\n\t\t<\/div>\n\t\t\t\t\t\t<\/div>\n\t\t\t\t\t\t\t\t<div class=\"elementor-field-type-recaptcha_v3 elementor-field-group elementor-column elementor-field-group-field_071d259 elementor-col-100 recaptcha_v3-bottomright\">\n\t\t\t\t\t<div class=\"elementor-field\" id=\"form-field-field_071d259\"><div class=\"elementor-g-recaptcha\" data-sitekey=\"6LeTik0qAAAAABF65k2TUKNxX8sfDowxL5DPOUbl\" data-type=\"v3\" data-action=\"Form\" data-badge=\"bottomright\" data-size=\"invisible\"><\/div><\/div>\t\t\t\t<\/div>\n\t\t\t\t\t\t\t\t<div class=\"elementor-field-group elementor-column elementor-field-type-submit elementor-col-40 e-form__buttons\">\n\t\t\t\t\t<button class=\"elementor-button elementor-size-sm\" type=\"submit\">\n\t\t\t\t\t\t<span class=\"elementor-button-content-wrapper\">\n\t\t\t\t\t\t\t\t\t\t\t\t\t\t\t\t\t\t\t\t\t\t<span class=\"elementor-button-text\">Enviar<\/span>\n\t\t\t\t\t\t\t\t\t\t\t\t\t<\/span>\n\t\t\t\t\t<\/button>\n\t\t\t\t<\/div>\n\t\t\t<\/div>\n\t\t<\/form>\n\t\t\t\t\t\t<\/div>\n\t\t\t\t<\/div>\n\t\t<div class=\"elementor-element elementor-element-4077be98 e-con-full e-flex e-con e-child\" data-id=\"4077be98\" data-element_type=\"container\" data-settings=\"{&quot;background_background&quot;:&quot;classic&quot;}\">\n\t\t\t\t<div class=\"elementor-element elementor-element-64835260 elementor-widget elementor-widget-text-editor\" data-id=\"64835260\" data-element_type=\"widget\" data-widget_type=\"text-editor.default\">\n\t\t\t\t<div class=\"elementor-widget-container\">\n\t\t\t\t\t\t\t\t\tServicio<br> <strong style=\"font-size:40px;font-weight:900;line-height:1\">24\/7<\/strong><br> de t\u00e9cnicos<br> compresoristas\t\t\t\t\t\t\t\t<\/div>\n\t\t\t\t<\/div>\n\t\t\t\t<\/div>\n\t\t\t\t<div class=\"elementor-element elementor-element-6c38c623 elementor-tablet-align-center elementor-hidden-desktop elementor-widget elementor-widget-the7_button_widget\" data-id=\"6c38c623\" data-element_type=\"widget\" data-widget_type=\"the7_button_widget.default\">\n\t\t\t\t<div class=\"elementor-widget-container\">\n\t\t\t\t\t<div class=\"elementor-button-wrapper\"><a href=\"#elementor-action%3Aaction%3Dpopup%3Aopen%26settings%3DeyJpZCI6OTA4MjksInRvZ2dsZSI6ZmFsc2V9\" class=\"box-button elementor-button elementor-size-sm\">Contacta<\/a><\/div>\t\t\t\t<\/div>\n\t\t\t\t<\/div>\n\t\t\t\t\t<\/div>\n\t\t\t\t<\/div>\n\t\t\t\t<\/div>\n\t\t","protected":false},"excerpt":{"rendered":"<p>You are here: Home Separadores de condensados Separadores de agua y aceite El separador de condensados, a trav\u00e9s de un sistema de decantaci\u00f3n, separa el aire del agua y el aceite. Con un sistema revolucionario, modular y totalmente herm\u00e9tico, nuestros separadores permiten procesar los residuos de forma adecuada seg\u00fan la legislaci\u00f3n. SOLICITA UN PRESUPUESTO Servicio&hellip;<\/p>\n","protected":false},"author":3,"featured_media":0,"parent":88762,"menu_order":20,"comment_status":"closed","ping_status":"closed","template":"","meta":{"footnotes":""},"class_list":["post-88723","page","type-page","status-publish","hentry"],"_links":{"self":[{"href":"https:\/\/servicomgirona.com\/es\/wp-json\/wp\/v2\/pages\/88723","targetHints":{"allow":["GET"]}}],"collection":[{"href":"https:\/\/servicomgirona.com\/es\/wp-json\/wp\/v2\/pages"}],"about":[{"href":"https:\/\/servicomgirona.com\/es\/wp-json\/wp\/v2\/types\/page"}],"author":[{"embeddable":true,"href":"https:\/\/servicomgirona.com\/es\/wp-json\/wp\/v2\/users\/3"}],"replies":[{"embeddable":true,"href":"https:\/\/servicomgirona.com\/es\/wp-json\/wp\/v2\/comments?post=88723"}],"version-history":[{"count":0,"href":"https:\/\/servicomgirona.com\/es\/wp-json\/wp\/v2\/pages\/88723\/revisions"}],"up":[{"embeddable":true,"href":"https:\/\/servicomgirona.com\/es\/wp-json\/wp\/v2\/pages\/88762"}],"wp:attachment":[{"href":"https:\/\/servicomgirona.com\/es\/wp-json\/wp\/v2\/media?parent=88723"}],"curies":[{"name":"wp","href":"https:\/\/api.w.org\/{rel}","templated":true}]}}