{"id":88722,"date":"2024-06-05T15:22:50","date_gmt":"2024-06-05T15:22:50","guid":{"rendered":"https:\/\/servicomgirona.com\/wordpress\/index.php\/alquiler-de-compresores-de-aire\/"},"modified":"2025-07-15T16:44:45","modified_gmt":"2025-07-15T16:44:45","slug":"alquiler-de-compresores-de-aire","status":"publish","type":"page","link":"https:\/\/servicomgirona.com\/es\/alquiler-de-compresores-daire\/","title":{"rendered":"Alquiler de compresores de aire"},"content":{"rendered":"\t\t<div data-elementor-type=\"wp-page\" data-elementor-id=\"88722\" class=\"elementor elementor-88722 elementor-87896\" data-elementor-post-type=\"page\">\n\t\t\t\t<div class=\"elementor-element elementor-element-58c55dba e-grid e-con-full e-con e-parent\" data-id=\"58c55dba\" data-element_type=\"container\" data-settings=\"{&quot;background_background&quot;:&quot;classic&quot;}\">\n\t\t<div class=\"elementor-element elementor-element-7134bf22 e-flex e-con-boxed e-con e-child\" data-id=\"7134bf22\" data-element_type=\"container\">\n\t\t\t\t\t<div class=\"e-con-inner\">\n\t\t\t\t<div class=\"elementor-element elementor-element-525048bc elementor-widget__width-initial elementor-widget elementor-widget-heading\" data-id=\"525048bc\" data-element_type=\"widget\" data-widget_type=\"heading.default\">\n\t\t\t\t<div class=\"elementor-widget-container\">\n\t\t\t\t\t<h1 class=\"elementor-heading-title elementor-size-default\">Alquiler de compresores de aire<\/h1>\t\t\t\t<\/div>\n\t\t\t\t<\/div>\n\t\t\t\t<div class=\"elementor-element elementor-element-61347531 elementor-widget elementor-widget-heading\" data-id=\"61347531\" data-element_type=\"widget\" data-widget_type=\"heading.default\">\n\t\t\t\t<div class=\"elementor-widget-container\">\n\t\t\t\t\t<h3 class=\"elementor-heading-title elementor-size-default\">Garantizan un suministro fiable de aire de alta calidad, adaptado exactamente a sus necesidades.  <\/h3>\t\t\t\t<\/div>\n\t\t\t\t<\/div>\n\t\t\t\t\t<\/div>\n\t\t\t\t<\/div>\n\t\t\t\t<\/div>\n\t\t<div class=\"elementor-element elementor-element-6fd862d7 e-grid e-con-boxed e-con e-parent\" data-id=\"6fd862d7\" data-element_type=\"container\" data-settings=\"{&quot;background_background&quot;:&quot;classic&quot;}\">\n\t\t\t\t\t<div class=\"e-con-inner\">\n\t\t<div class=\"elementor-element elementor-element-3b38d699 e-con-full e-flex e-con e-child\" data-id=\"3b38d699\" data-element_type=\"container\">\n\t\t\t\t<div class=\"elementor-element elementor-element-387d9c99 elementor-widget elementor-widget-heading\" data-id=\"387d9c99\" data-element_type=\"widget\" data-widget_type=\"heading.default\">\n\t\t\t\t<div class=\"elementor-widget-container\">\n\t\t\t\t\t<h5 class=\"elementor-heading-title elementor-size-default\">Compresores de alquiler de hasta 200 kW<\/h5>\t\t\t\t<\/div>\n\t\t\t\t<\/div>\n\t\t\t\t<div class=\"elementor-element elementor-element-5ec06b8 elementor-widget elementor-widget-text-editor\" data-id=\"5ec06b8\" data-element_type=\"widget\" data-widget_type=\"text-editor.default\">\n\t\t\t\t<div class=\"elementor-widget-container\">\n\t\t\t\t\t\t\t\t\t<p>En Servicom tenemos la <strong>mayor variedad y mejor precio para alquilar todo tipo de maquinaria de aire comprimido en Girona, Osona y alrededores.<\/strong><\/p>\t\t\t\t\t\t\t\t<\/div>\n\t\t\t\t<\/div>\n\t\t\t\t<div class=\"elementor-element elementor-element-7c633026 elementor-widget elementor-widget-text-editor\" data-id=\"7c633026\" data-element_type=\"widget\" data-widget_type=\"text-editor.default\">\n\t\t\t\t<div class=\"elementor-widget-container\">\n\t\t\t\t\t\t\t\t\t<p><span style=\"color: var( --e-global-color-el_color_1 ); font-family: var( --e-global-typography-el_content_1-font-family ), sans-serif; font-size: var( --e-global-typography-el_content_1-font-size ); text-transform: var( --e-global-typography-el_content_1-text-transform ); text-align: var(--text-align); background-color: var( --e-global-color-el_color_0 ); letter-spacing: var(--the7-base-letter-spacing); word-spacing: normal; text-decoration: var(--the7-base-text-decoration);\">S\u00f3lo contamos con maquinaria de primeras marcas con un mantenimiento exhaustivo despu\u00e9s y antes de cada alquiler para que s\u00f3lo tengas que preocuparte por realizar el trabajo y ponerte a trabajar.<\/span><\/p><p>Damos soluci\u00f3n a cualquiera que sea tu necesidad de aire comprimido. <strong>Analizamos tu situaci\u00f3n y te asesoramos para ofrecerte el mejor servicio,<\/strong> para que puedas desarrollar tu actividad con un suministro de aire acorde a tus demandas.<\/p>\t\t\t\t\t\t\t\t<\/div>\n\t\t\t\t<\/div>\n\t\t\t\t<\/div>\n\t\t<div class=\"elementor-element elementor-element-5450d77 e-con-full e-flex e-con e-child\" data-id=\"5450d77\" data-element_type=\"container\">\n\t\t\t\t<div class=\"elementor-element elementor-element-64cf9e5 elementor-widget elementor-widget-text-editor\" data-id=\"64cf9e5\" data-element_type=\"widget\" data-widget_type=\"text-editor.default\">\n\t\t\t\t<div class=\"elementor-widget-container\">\n\t\t\t\t\t\t\t\t\t<p>Adem\u00e1s de compresores, <strong>te alquilamos todo el equipo perif\u00e9rico que pueda hacerte falta como secadores de aire o dep\u00f3sitos de aire.<\/strong><\/p><p>Nos adaptamos a tus necesidades, ofrecemos alquileres de corta y larga duraci\u00f3n. Y te ofrecemos todos los servicios que puedas necesitar, como la instalaci\u00f3n, entrega y recogida o puesta en marcha.<\/p>\t\t\t\t\t\t\t\t<\/div>\n\t\t\t\t<\/div>\n\t\t\t\t<div class=\"elementor-element elementor-element-cffb2f8 elementor-widget elementor-widget-text-editor\" data-id=\"cffb2f8\" data-element_type=\"widget\" data-widget_type=\"text-editor.default\">\n\t\t\t\t<div class=\"elementor-widget-container\">\n\t\t\t\t\t\t\t\t\t<p>Servicio Premium 24\/7 para una eficiencia \u00f3ptima<\/p>\t\t\t\t\t\t\t\t<\/div>\n\t\t\t\t<\/div>\n\t\t\t\t<div class=\"elementor-element elementor-element-69792c7 elementor-widget elementor-widget-text-editor\" data-id=\"69792c7\" data-element_type=\"widget\" data-widget_type=\"text-editor.default\">\n\t\t\t\t<div class=\"elementor-widget-container\">\n\t\t\t\t\t\t\t\t\t<p>Compresores para todos los sectores incluyendo todos los usos industriales.  <strong>Enfoque eficaz \u00abTodo incluido\u00bb: desde el dise\u00f1o a la entrega, mantenimiento in situ.<\/strong><\/p><p>Nuestro equipo de ingenier\u00eda y servicio dise\u00f1an el montaje m\u00e1s ventajoso dando prioridad a la eficiencia energ\u00e9tica<\/p>\t\t\t\t\t\t\t\t<\/div>\n\t\t\t\t<\/div>\n\t\t\t\t<div class=\"elementor-element elementor-element-897a5a0 elementor-tablet-align-center elementor-widget elementor-widget-the7_button_widget\" data-id=\"897a5a0\" data-element_type=\"widget\" data-widget_type=\"the7_button_widget.default\">\n\t\t\t\t<div class=\"elementor-widget-container\">\n\t\t\t\t\t<div class=\"elementor-button-wrapper\"><a href=\"#elementor-action%3Aaction%3Dpopup%3Aopen%26settings%3DeyJpZCI6ODg3MzUsInRvZ2dsZSI6ZmFsc2V9\" class=\"box-button elementor-button elementor-size-sm\">SOLICITA UN PRESUPUESTO<\/a><\/div>\t\t\t\t<\/div>\n\t\t\t\t<\/div>\n\t\t\t\t<\/div>\n\t\t<div class=\"elementor-element elementor-element-288b6b7 e-con-full e-flex e-con e-child\" data-id=\"288b6b7\" data-element_type=\"container\" data-settings=\"{&quot;background_background&quot;:&quot;classic&quot;}\">\n\t\t\t\t<div class=\"elementor-element elementor-element-65d6e46 elementor-widget elementor-widget-text-editor\" data-id=\"65d6e46\" data-element_type=\"widget\" data-widget_type=\"text-editor.default\">\n\t\t\t\t<div class=\"elementor-widget-container\">\n\t\t\t\t\t\t\t\t\t<p>Servicio premium<br> <strong style=\"font-size: 40px; font-weight: 900; line-height: 1;\">24\/7<\/strong><br> para una<br> eficiencia \u00f3ptima<\/p>\t\t\t\t\t\t\t\t<\/div>\n\t\t\t\t<\/div>\n\t\t\t\t<\/div>\n\t\t\t\t\t<\/div>\n\t\t\t\t<\/div>\n\t\t<div class=\"elementor-element elementor-element-cd239ad e-grid e-con-boxed e-con e-parent\" data-id=\"cd239ad\" data-element_type=\"container\" data-settings=\"{&quot;background_background&quot;:&quot;classic&quot;}\">\n\t\t\t\t\t<div class=\"e-con-inner\">\n\t\t<div class=\"elementor-element elementor-element-7c784e8 e-con-full e-flex e-con e-child\" data-id=\"7c784e8\" data-element_type=\"container\">\n\t\t\t\t<div class=\"elementor-element elementor-element-8cf7af8 elementor-widget elementor-widget-heading\" data-id=\"8cf7af8\" data-element_type=\"widget\" data-widget_type=\"heading.default\">\n\t\t\t\t<div class=\"elementor-widget-container\">\n\t\t\t\t\t<h5 class=\"elementor-heading-title elementor-size-default\">Compresores el\u00e9ctricos<\/h5>\t\t\t\t<\/div>\n\t\t\t\t<\/div>\n\t\t\t\t<div class=\"elementor-element elementor-element-a4e7462 elementor-widget elementor-widget-text-editor\" data-id=\"a4e7462\" data-element_type=\"widget\" data-widget_type=\"text-editor.default\">\n\t\t\t\t<div class=\"elementor-widget-container\">\n\t\t\t\t\t\t\t\t\t<p>Los compresores el\u00e9ctricos son la soluci\u00f3n perfecta para clientes con acceso a la red el\u00e9ctrica.  <strong>Son m\u00e1s silenciosos, requieren menos mantenimiento y no producen gases de escape.<\/strong><\/p><p>Nuestros compresores el\u00e9ctricos est\u00e1n disponibles en versiones 100% libres de aceite o lubricados con aceite y en todos los tama\u00f1os: desde peque\u00f1as unidades m\u00f3viles hasta potentes m\u00e1quinas que proporcionan hasta 30m3\/min en una sola unidad.<\/p>\t\t\t\t\t\t\t\t<\/div>\n\t\t\t\t<\/div>\n\t\t\t\t<div class=\"elementor-element elementor-element-fc44ec3 elementor-tablet-align-center elementor-widget elementor-widget-the7_button_widget\" data-id=\"fc44ec3\" data-element_type=\"widget\" data-widget_type=\"the7_button_widget.default\">\n\t\t\t\t<div class=\"elementor-widget-container\">\n\t\t\t\t\t<div class=\"elementor-button-wrapper\"><a href=\"#elementor-action%3Aaction%3Dpopup%3Aopen%26settings%3DeyJpZCI6ODg3MzUsInRvZ2dsZSI6ZmFsc2V9\" class=\"box-button elementor-button elementor-size-sm\">SOLICITA UN PRESUPUESTO<\/a><\/div>\t\t\t\t<\/div>\n\t\t\t\t<\/div>\n\t\t\t\t<\/div>\n\t\t<div class=\"elementor-element elementor-element-156bd01 e-con-full e-flex e-con e-child\" data-id=\"156bd01\" data-element_type=\"container\">\n\t\t\t\t<div class=\"elementor-element elementor-element-0d52eeb elementor-widget elementor-widget-image\" data-id=\"0d52eeb\" data-element_type=\"widget\" data-widget_type=\"image.default\">\n\t\t\t\t<div class=\"elementor-widget-container\">\n\t\t\t\t\t\t\t\t\t\t\t\t\t\t\t<img fetchpriority=\"high\" decoding=\"async\" width=\"420\" height=\"270\" src=\"https:\/\/servicomgirona.com\/wp-content\/uploads\/2024\/06\/v3.png\" class=\"attachment-large size-large wp-image-89120\" alt=\"Lloguer de compressors d&#039;aire\" srcset=\"https:\/\/servicomgirona.com\/wp-content\/uploads\/2024\/06\/v3.png 420w, https:\/\/servicomgirona.com\/wp-content\/uploads\/2024\/06\/v3-300x193.png 300w\" sizes=\"(max-width: 420px) 100vw, 420px\" title=\"-\">\t\t\t\t\t\t\t\t\t\t\t\t\t\t\t<\/div>\n\t\t\t\t<\/div>\n\t\t\t\t<\/div>\n\t\t<div class=\"elementor-element elementor-element-92ce27b e-con-full e-flex e-con e-child\" data-id=\"92ce27b\" data-element_type=\"container\">\n\t\t\t\t<div class=\"elementor-element elementor-element-c2dc558 elementor-widget elementor-widget-image\" data-id=\"c2dc558\" data-element_type=\"widget\" data-widget_type=\"image.default\">\n\t\t\t\t<div class=\"elementor-widget-container\">\n\t\t\t\t\t\t\t\t\t\t\t\t\t\t\t<img decoding=\"async\" width=\"420\" height=\"270\" src=\"https:\/\/servicomgirona.com\/wp-content\/uploads\/2024\/06\/Compressor-lloguer.png\" class=\"attachment-large size-large wp-image-87905\" alt=\"Lloguer de compressors d&#039;aire\" srcset=\"https:\/\/servicomgirona.com\/wp-content\/uploads\/2024\/06\/Compressor-lloguer.png 420w, https:\/\/servicomgirona.com\/wp-content\/uploads\/2024\/06\/Compressor-lloguer-300x193.png 300w\" sizes=\"(max-width: 420px) 100vw, 420px\" title=\"-\">\t\t\t\t\t\t\t\t\t\t\t\t\t\t\t<\/div>\n\t\t\t\t<\/div>\n\t\t\t\t<\/div>\n\t\t<div class=\"elementor-element elementor-element-d007d77 e-con-full e-flex e-con e-child\" data-id=\"d007d77\" data-element_type=\"container\">\n\t\t\t\t<div class=\"elementor-element elementor-element-cc1cf12 elementor-widget elementor-widget-heading\" data-id=\"cc1cf12\" data-element_type=\"widget\" data-widget_type=\"heading.default\">\n\t\t\t\t<div class=\"elementor-widget-container\">\n\t\t\t\t\t<h5 class=\"elementor-heading-title elementor-size-default\">Equipos impulsados \u200b\u200bpor di\u00e9sel<\/h5>\t\t\t\t<\/div>\n\t\t\t\t<\/div>\n\t\t\t\t<div class=\"elementor-element elementor-element-bfdfb03 elementor-widget elementor-widget-text-editor\" data-id=\"bfdfb03\" data-element_type=\"widget\" data-widget_type=\"text-editor.default\">\n\t\t\t\t<div class=\"elementor-widget-container\">\n\t\t\t\t\t\t\t\t\t<p>No siempre se dispone de fuentes de energ\u00eda fiables. Por eso Servicom sigue invirtiendo en equipos con motor diesel, <strong>asegur\u00e1ndose de que se puedan utilizar de manera eficiente y cumplan con las regulaciones m\u00e1s estrictas.<\/strong><\/p><p>Esto incluye la Stage V, est\u00e1ndar para equipos con motor diesel.<\/p>\t\t\t\t\t\t\t\t<\/div>\n\t\t\t\t<\/div>\n\t\t\t\t<div class=\"elementor-element elementor-element-68c0648 elementor-tablet-align-center elementor-widget elementor-widget-the7_button_widget\" data-id=\"68c0648\" data-element_type=\"widget\" data-widget_type=\"the7_button_widget.default\">\n\t\t\t\t<div class=\"elementor-widget-container\">\n\t\t\t\t\t<div class=\"elementor-button-wrapper\"><a href=\"#elementor-action%3Aaction%3Dpopup%3Aopen%26settings%3DeyJpZCI6ODg3MzUsInRvZ2dsZSI6ZmFsc2V9\" class=\"box-button elementor-button elementor-size-sm\">SOLICITA UN PRESUPUESTO<\/a><\/div>\t\t\t\t<\/div>\n\t\t\t\t<\/div>\n\t\t\t\t<\/div>\n\t\t\t\t\t<\/div>\n\t\t\t\t<\/div>\n\t\t<div class=\"elementor-element elementor-element-52c7769b e-grid e-con-boxed e-con e-parent\" data-id=\"52c7769b\" data-element_type=\"container\" data-settings=\"{&quot;background_background&quot;:&quot;classic&quot;}\">\n\t\t\t\t\t<div class=\"e-con-inner\">\n\t\t<div class=\"elementor-element elementor-element-5291c85e e-con-full e-flex e-con e-child\" data-id=\"5291c85e\" data-element_type=\"container\">\n\t\t\t\t<div class=\"elementor-element elementor-element-21dbc6fe elementor-widget elementor-widget-heading\" data-id=\"21dbc6fe\" data-element_type=\"widget\" data-widget_type=\"heading.default\">\n\t\t\t\t<div class=\"elementor-widget-container\">\n\t\t\t\t\t<h5 class=\"elementor-heading-title elementor-size-default\">Servicio de confianza y proximidad, con m\u00e1s de 50 a\u00f1os de experiencia<\/h5>\t\t\t\t<\/div>\n\t\t\t\t<\/div>\n\t\t\t\t<div class=\"elementor-element elementor-element-faa7a28 elementor-widget elementor-widget-text-editor\" data-id=\"faa7a28\" data-element_type=\"widget\" data-widget_type=\"text-editor.default\">\n\t\t\t\t<div class=\"elementor-widget-container\">\n\t\t\t\t\t\t\t\t\t<p>Realiza tu consulta sin compromiso.<\/p>\t\t\t\t\t\t\t\t<\/div>\n\t\t\t\t<\/div>\n\t\t\t\t<\/div>\n\t\t\t\t<div class=\"elementor-element elementor-element-ffd02a5 elementor-button-align-start formNew elementor-widget elementor-widget-global elementor-global-92624 elementor-global-92607 elementor-widget-form\" data-id=\"ffd02a5\" data-element_type=\"widget\" data-settings=\"{&quot;button_width&quot;:&quot;40&quot;,&quot;step_next_label&quot;:&quot;Next&quot;,&quot;step_previous_label&quot;:&quot;Previous&quot;,&quot;step_type&quot;:&quot;number_text&quot;,&quot;step_icon_shape&quot;:&quot;circle&quot;}\" data-widget_type=\"form.default\">\n\t\t\t\t<div class=\"elementor-widget-container\">\n\t\t\t\t\t\t\t<form class=\"elementor-form\" method=\"post\" name=\"Formulario contacto 2025\" aria-label=\"Formulario contacto 2025\" novalidate=\"\">\n\t\t\t<input type=\"hidden\" name=\"post_id\" value=\"88722\"\/>\n\t\t\t<input type=\"hidden\" name=\"form_id\" value=\"ffd02a5\"\/>\n\t\t\t<input type=\"hidden\" name=\"referer_title\" value=\"\" \/>\n\n\t\t\t\n\t\t\t<div class=\"elementor-form-fields-wrapper elementor-labels-above\">\n\t\t\t\t\t\t\t\t<div class=\"elementor-field-type-text elementor-field-group elementor-column elementor-field-group-name elementor-col-100 elementor-field-required elementor-mark-required\">\n\t\t\t\t\t\t\t\t\t\t\t\t<label for=\"form-field-name\" class=\"elementor-field-label\">\n\t\t\t\t\t\t\t\tNombre y Apellido\t\t\t\t\t\t\t<\/label>\n\t\t\t\t\t\t\t\t\t\t\t\t\t\t<input size=\"1\" type=\"text\" name=\"form_fields[name]\" id=\"form-field-name\" class=\"elementor-field elementor-size-sm  elementor-field-textual\" required=\"required\">\n\t\t\t\t\t\t\t\t\t\t\t<\/div>\n\t\t\t\t\t\t\t\t<div class=\"elementor-field-type-email elementor-field-group elementor-column elementor-field-group-email elementor-col-100 elementor-field-required elementor-mark-required\">\n\t\t\t\t\t\t\t\t\t\t\t\t<label for=\"form-field-email\" class=\"elementor-field-label\">\n\t\t\t\t\t\t\t\tCorreo electr\u00f3nico\t\t\t\t\t\t\t<\/label>\n\t\t\t\t\t\t\t\t\t\t\t\t\t\t<input size=\"1\" type=\"email\" name=\"form_fields[email]\" id=\"form-field-email\" class=\"elementor-field elementor-size-sm  elementor-field-textual\" required=\"required\">\n\t\t\t\t\t\t\t\t\t\t\t<\/div>\n\t\t\t\t\t\t\t\t<div class=\"elementor-field-type-tel elementor-field-group elementor-column elementor-field-group-telefon elementor-col-100\">\n\t\t\t\t\t\t\t\t\t\t\t\t<label for=\"form-field-telefon\" class=\"elementor-field-label\">\n\t\t\t\t\t\t\t\tTel\u00e9fono\t\t\t\t\t\t\t<\/label>\n\t\t\t\t\t\t\t\t<input size=\"1\" type=\"tel\" name=\"form_fields[telefon]\" id=\"form-field-telefon\" class=\"elementor-field elementor-size-sm  elementor-field-textual\" pattern=\"[0-9()#&amp;+*-=.]+\" title=\"Solo se aceptan n\u00fameros y caracteres de tel\u00e9fono (#,-,*,etc).\">\n\n\t\t\t\t\t\t<\/div>\n\t\t\t\t\t\t\t\t<div class=\"elementor-field-type-text elementor-field-group elementor-column elementor-field-group-empresa elementor-col-100\">\n\t\t\t\t\t\t\t\t\t\t\t\t<label for=\"form-field-empresa\" class=\"elementor-field-label\">\n\t\t\t\t\t\t\t\tEmpresa\t\t\t\t\t\t\t<\/label>\n\t\t\t\t\t\t\t\t\t\t\t\t\t\t<input size=\"1\" type=\"text\" name=\"form_fields[empresa]\" id=\"form-field-empresa\" class=\"elementor-field elementor-size-sm  elementor-field-textual\">\n\t\t\t\t\t\t\t\t\t\t\t<\/div>\n\t\t\t\t\t\t\t\t<div class=\"elementor-field-type-textarea elementor-field-group elementor-column elementor-field-group-missatge elementor-col-100 elementor-field-required elementor-mark-required\">\n\t\t\t\t\t\t\t\t\t\t\t\t<label for=\"form-field-missatge\" class=\"elementor-field-label\">\n\t\t\t\t\t\t\t\tCu\u00e9ntanos lo que necesitas\t\t\t\t\t\t\t<\/label>\n\t\t\t\t\t\t<textarea class=\"elementor-field-textual elementor-field  elementor-size-sm\" name=\"form_fields[missatge]\" id=\"form-field-missatge\" rows=\"4\" required=\"required\"><\/textarea>\t\t\t\t<\/div>\n\t\t\t\t\t\t\t\t<div class=\"elementor-field-type-acceptance elementor-field-group elementor-column elementor-field-group-field_b80019e elementor-col-100 elementor-field-required elementor-mark-required\">\n\t\t\t\t\t\t\t<div class=\"elementor-field-subgroup\">\n\t\t\t<span class=\"elementor-field-option\">\n\t\t\t\t<input type=\"checkbox\" name=\"form_fields[field_b80019e]\" id=\"form-field-field_b80019e\" class=\"elementor-field elementor-size-sm  elementor-acceptance-field\" required=\"required\">\n\t\t\t\t<label for=\"form-field-field_b80019e\"><span style=\"font-family: \"Satoshi\", sans-serif;font-size: 10px;font-weight: 900;\">He le\u00eddo y acepto la <a href=\"https:\/\/servicomgirona.com\/es\/aviso-legal\/\" style=\"color:inherit;text-decoration:underline;\">pol\u00edtica de privacidad<\/a> .<\/span><\/label>\t\t\t<\/span>\n\t\t<\/div>\n\t\t\t\t\t\t<\/div>\n\t\t\t\t\t\t\t\t<div class=\"elementor-field-type-recaptcha_v3 elementor-field-group elementor-column elementor-field-group-field_071d259 elementor-col-100 recaptcha_v3-bottomright\">\n\t\t\t\t\t<div class=\"elementor-field\" id=\"form-field-field_071d259\"><div class=\"elementor-g-recaptcha\" data-sitekey=\"6LeTik0qAAAAABF65k2TUKNxX8sfDowxL5DPOUbl\" data-type=\"v3\" data-action=\"Form\" data-badge=\"bottomright\" data-size=\"invisible\"><\/div><\/div>\t\t\t\t<\/div>\n\t\t\t\t\t\t\t\t<div class=\"elementor-field-group elementor-column elementor-field-type-submit elementor-col-40 e-form__buttons\">\n\t\t\t\t\t<button class=\"elementor-button elementor-size-sm\" type=\"submit\">\n\t\t\t\t\t\t<span class=\"elementor-button-content-wrapper\">\n\t\t\t\t\t\t\t\t\t\t\t\t\t\t\t\t\t\t\t\t\t\t<span class=\"elementor-button-text\">Enviar<\/span>\n\t\t\t\t\t\t\t\t\t\t\t\t\t<\/span>\n\t\t\t\t\t<\/button>\n\t\t\t\t<\/div>\n\t\t\t<\/div>\n\t\t<\/form>\n\t\t\t\t\t\t<\/div>\n\t\t\t\t<\/div>\n\t\t<div class=\"elementor-element elementor-element-102f697d e-con-full e-flex e-con e-child\" data-id=\"102f697d\" data-element_type=\"container\" data-settings=\"{&quot;background_background&quot;:&quot;classic&quot;}\">\n\t\t\t\t<div class=\"elementor-element elementor-element-39be47f7 elementor-widget elementor-widget-text-editor\" data-id=\"39be47f7\" data-element_type=\"widget\" data-widget_type=\"text-editor.default\">\n\t\t\t\t<div class=\"elementor-widget-container\">\n\t\t\t\t\t\t\t\t\tServicio<br> <strong style=\"font-size:40px;font-weight:900;line-height:1\">24\/7<\/strong><br> de t\u00e9cnicos<br> compresoristas\t\t\t\t\t\t\t\t<\/div>\n\t\t\t\t<\/div>\n\t\t\t\t<\/div>\n\t\t\t\t<div class=\"elementor-element elementor-element-620f94f2 elementor-tablet-align-center elementor-hidden-desktop elementor-widget elementor-widget-the7_button_widget\" data-id=\"620f94f2\" data-element_type=\"widget\" data-widget_type=\"the7_button_widget.default\">\n\t\t\t\t<div class=\"elementor-widget-container\">\n\t\t\t\t\t<div class=\"elementor-button-wrapper\"><a href=\"#elementor-action%3Aaction%3Dpopup%3Aopen%26settings%3DeyJpZCI6OTA4MjksInRvZ2dsZSI6ZmFsc2V9\" class=\"box-button elementor-button elementor-size-sm\">Contacta<\/a><\/div>\t\t\t\t<\/div>\n\t\t\t\t<\/div>\n\t\t\t\t\t<\/div>\n\t\t\t\t<\/div>\n\t\t\t\t<\/div>\n\t\t","protected":false},"excerpt":{"rendered":"<p>Alquiler de compresores de aire Garantizan un suministro fiable de aire de alta calidad, adaptado exactamente a sus necesidades. Compresores de alquiler de hasta 200 kW En Servicom tenemos la mayor variedad y mejor precio para alquilar todo tipo de maquinaria de aire comprimido en Girona, Osona y alrededores. S\u00f3lo contamos con maquinaria de primeras&hellip;<\/p>\n","protected":false},"author":3,"featured_media":0,"parent":0,"menu_order":20,"comment_status":"closed","ping_status":"closed","template":"","meta":{"footnotes":""},"class_list":["post-88722","page","type-page","status-publish","hentry"],"_links":{"self":[{"href":"https:\/\/servicomgirona.com\/es\/wp-json\/wp\/v2\/pages\/88722","targetHints":{"allow":["GET"]}}],"collection":[{"href":"https:\/\/servicomgirona.com\/es\/wp-json\/wp\/v2\/pages"}],"about":[{"href":"https:\/\/servicomgirona.com\/es\/wp-json\/wp\/v2\/types\/page"}],"author":[{"embeddable":true,"href":"https:\/\/servicomgirona.com\/es\/wp-json\/wp\/v2\/users\/3"}],"replies":[{"embeddable":true,"href":"https:\/\/servicomgirona.com\/es\/wp-json\/wp\/v2\/comments?post=88722"}],"version-history":[{"count":0,"href":"https:\/\/servicomgirona.com\/es\/wp-json\/wp\/v2\/pages\/88722\/revisions"}],"wp:attachment":[{"href":"https:\/\/servicomgirona.com\/es\/wp-json\/wp\/v2\/media?parent=88722"}],"curies":[{"name":"wp","href":"https:\/\/api.w.org\/{rel}","templated":true}]}}